{"id":68,"date":"2017-02-10T14:14:39","date_gmt":"2017-02-10T14:14:39","guid":{"rendered":"http:\/\/ponyschule-steinbach.de\/wordpress\/?page_id=68"},"modified":"2020-11-28T21:21:35","modified_gmt":"2020-11-28T20:21:35","slug":"joey","status":"publish","type":"page","link":"https:\/\/www.ponyschule-steinbach.de\/index.php\/team\/joey\/","title":{"rendered":"Joey (in Rente)"},"content":{"rendered":"<div class=\"item column-1\">\n<pre>Name: Sonny Red Joe Bars<br>Rasse: American Quater Horse\ngenannt: Joey\nGeboren:1997\n\u00dcber mich: Meist die Ruhe in Person, ich mache gerne mit und will dazu geh\u00f6ren\/dabei sein. Mein Leben war nicht immer so sch\u00f6n, aber hier bei meinen Freunden gef\u00e4llt es mir sehr gut und f\u00fchle mich sicher.\nIch liebe meinen besten Freund Kn\u00f6pfchen, er bringt mich auf Trab. <br>Leider habe ich Arthrose und das fast \u00fcberall, so das ich nicht mehr bei allem mitmachen kann, daher darf ich jetzt mein Alter genie\u00dfen und Kn\u00f6pfchen \u00e4rgern ;-) hin und wieder mache ich eine Ponyzeit mit.<\/pre>\n<\/div>\n\n\n<figure class=\"wp-block-gallery columns-3 is-cropped wp-block-gallery-1 is-layout-flex wp-block-gallery-is-layout-flex\"><ul class=\"blocks-gallery-grid\"><li class=\"blocks-gallery-item\"><figure><img loading=\"lazy\" decoding=\"async\" width=\"1024\" height=\"768\" src=\"https:\/\/www.ponyschule-steinbach.de\/wp-content\/uploads\/2020\/11\/IMG_8309-1024x768-1.jpg\" alt=\"\" data-id=\"2236\" data-full-url=\"https:\/\/www.ponyschule-steinbach.de\/wp-content\/uploads\/2020\/11\/IMG_8309-1024x768-1.jpg\" data-link=\"https:\/\/www.ponyschule-steinbach.de\/img_8309-1024x768\/\" class=\"wp-image-2236\" srcset=\"https:\/\/www.ponyschule-steinbach.de\/wp-content\/uploads\/2020\/11\/IMG_8309-1024x768-1.jpg 1024w, https:\/\/www.ponyschule-steinbach.de\/wp-content\/uploads\/2020\/11\/IMG_8309-1024x768-1-300x225.jpg 300w, https:\/\/www.ponyschule-steinbach.de\/wp-content\/uploads\/2020\/11\/IMG_8309-1024x768-1-768x576.jpg 768w\" sizes=\"(max-width: 709px) 85vw, (max-width: 909px) 67vw, (max-width: 1362px) 62vw, 840px\" \/><\/figure><\/li><li class=\"blocks-gallery-item\"><figure><img loading=\"lazy\" decoding=\"async\" width=\"1024\" height=\"768\" src=\"https:\/\/www.ponyschule-steinbach.de\/wp-content\/uploads\/2020\/11\/IMG_4299-1024x768-1.jpg\" alt=\"\" data-id=\"2174\" data-full-url=\"https:\/\/www.ponyschule-steinbach.de\/wp-content\/uploads\/2020\/11\/IMG_4299-1024x768-1.jpg\" data-link=\"https:\/\/www.ponyschule-steinbach.de\/img_4299-1024x768\/\" class=\"wp-image-2174\" srcset=\"https:\/\/www.ponyschule-steinbach.de\/wp-content\/uploads\/2020\/11\/IMG_4299-1024x768-1.jpg 1024w, https:\/\/www.ponyschule-steinbach.de\/wp-content\/uploads\/2020\/11\/IMG_4299-1024x768-1-300x225.jpg 300w, https:\/\/www.ponyschule-steinbach.de\/wp-content\/uploads\/2020\/11\/IMG_4299-1024x768-1-768x576.jpg 768w\" sizes=\"(max-width: 709px) 85vw, (max-width: 909px) 67vw, (max-width: 1362px) 62vw, 840px\" \/><\/figure><\/li><li class=\"blocks-gallery-item\"><figure><img loading=\"lazy\" decoding=\"async\" width=\"768\" height=\"1024\" src=\"https:\/\/www.ponyschule-steinbach.de\/wp-content\/uploads\/2020\/11\/IMG_3364-e1561584807788-768x1024-1.jpg\" alt=\"\" data-id=\"2124\" data-full-url=\"https:\/\/www.ponyschule-steinbach.de\/wp-content\/uploads\/2020\/11\/IMG_3364-e1561584807788-768x1024-1.jpg\" data-link=\"https:\/\/www.ponyschule-steinbach.de\/img_3364-e1561584807788-768x1024\/\" class=\"wp-image-2124\" srcset=\"https:\/\/www.ponyschule-steinbach.de\/wp-content\/uploads\/2020\/11\/IMG_3364-e1561584807788-768x1024-1.jpg 768w, https:\/\/www.ponyschule-steinbach.de\/wp-content\/uploads\/2020\/11\/IMG_3364-e1561584807788-768x1024-1-225x300.jpg 225w\" sizes=\"(max-width: 768px) 85vw, 768px\" \/><\/figure><\/li><li class=\"blocks-gallery-item\"><figure><img loading=\"lazy\" decoding=\"async\" width=\"1024\" height=\"768\" src=\"https:\/\/www.ponyschule-steinbach.de\/wp-content\/uploads\/2020\/11\/IMG_8110-1024x768-1.jpg\" alt=\"\" data-id=\"2216\" data-full-url=\"https:\/\/www.ponyschule-steinbach.de\/wp-content\/uploads\/2020\/11\/IMG_8110-1024x768-1.jpg\" data-link=\"https:\/\/www.ponyschule-steinbach.de\/img_8110-1024x768\/\" class=\"wp-image-2216\" srcset=\"https:\/\/www.ponyschule-steinbach.de\/wp-content\/uploads\/2020\/11\/IMG_8110-1024x768-1.jpg 1024w, https:\/\/www.ponyschule-steinbach.de\/wp-content\/uploads\/2020\/11\/IMG_8110-1024x768-1-300x225.jpg 300w, https:\/\/www.ponyschule-steinbach.de\/wp-content\/uploads\/2020\/11\/IMG_8110-1024x768-1-768x576.jpg 768w\" sizes=\"(max-width: 709px) 85vw, (max-width: 909px) 67vw, (max-width: 1362px) 62vw, 840px\" \/><\/figure><\/li><\/ul><\/figure>\n","protected":false},"excerpt":{"rendered":"<p>Name: Sonny Red Joe BarsRasse: American Quater Horse genannt: Joey Geboren:1997 \u00dcber mich: Meist die Ruhe in Person, ich mache gerne mit und will dazu geh\u00f6ren\/dabei sein. Mein Leben war nicht immer so sch\u00f6n, aber hier bei meinen Freunden gef\u00e4llt es mir sehr gut und f\u00fchle mich sicher. Ich liebe meinen besten Freund Kn\u00f6pfchen, er &hellip; <a href=\"https:\/\/www.ponyschule-steinbach.de\/index.php\/team\/joey\/\" class=\"more-link\"><span class=\"screen-reader-text\">&#8222;Joey (in Rente)&#8220; <\/span>weiterlesen<\/a><\/p>\n","protected":false},"author":1,"featured_media":69,"parent":25,"menu_order":0,"comment_status":"closed","ping_status":"closed","template":"","meta":{"footnotes":""},"class_list":["post-68","page","type-page","status-publish","has-post-thumbnail","hentry"],"yoast_head":"<!-- This site is optimized with the Yoast SEO plugin v23.8 - https:\/\/yoast.com\/wordpress\/plugins\/seo\/ -->\n<title>Joey (in Rente) - TEAM PONYSCHULE - STEINBACH<\/title>\n<meta name=\"robots\" content=\"index, follow, max-snippet:-1, max-image-preview:large, max-video-preview:-1\" \/>\n<link rel=\"canonical\" href=\"https:\/\/www.ponyschule-steinbach.de\/index.php\/team\/joey\/\" \/>\n<meta property=\"og:locale\" content=\"de_DE\" \/>\n<meta property=\"og:type\" content=\"article\" \/>\n<meta property=\"og:title\" content=\"Joey (in Rente) - TEAM PONYSCHULE - STEINBACH\" \/>\n<meta property=\"og:description\" content=\"Name: Sonny Red Joe BarsRasse: American Quater Horse genannt: Joey Geboren:1997 \u00dcber mich: Meist die Ruhe in Person, ich mache gerne mit und will dazu geh\u00f6ren\/dabei sein. Mein Leben war nicht immer so sch\u00f6n, aber hier bei meinen Freunden gef\u00e4llt es mir sehr gut und f\u00fchle mich sicher. Ich liebe meinen besten Freund Kn\u00f6pfchen, er &hellip; &#8222;Joey (in Rente)&#8220; weiterlesen\" \/>\n<meta property=\"og:url\" content=\"https:\/\/www.ponyschule-steinbach.de\/index.php\/team\/joey\/\" \/>\n<meta property=\"og:site_name\" content=\"TEAM PONYSCHULE - STEINBACH\" \/>\n<meta property=\"article:modified_time\" content=\"2020-11-28T20:21:35+00:00\" \/>\n<meta name=\"twitter:card\" content=\"summary_large_image\" \/>\n<meta name=\"twitter:label1\" content=\"Gesch\u00e4tzte Lesezeit\" \/>\n\t<meta name=\"twitter:data1\" content=\"1\u00a0Minute\" \/>\n<script type=\"application\/ld+json\" class=\"yoast-schema-graph\">{\"@context\":\"https:\/\/schema.org\",\"@graph\":[{\"@type\":\"WebPage\",\"@id\":\"https:\/\/www.ponyschule-steinbach.de\/index.php\/team\/joey\/\",\"url\":\"https:\/\/www.ponyschule-steinbach.de\/index.php\/team\/joey\/\",\"name\":\"Joey (in Rente) - TEAM PONYSCHULE - STEINBACH\",\"isPartOf\":{\"@id\":\"https:\/\/www.ponyschule-steinbach.de\/#website\"},\"primaryImageOfPage\":{\"@id\":\"https:\/\/www.ponyschule-steinbach.de\/index.php\/team\/joey\/#primaryimage\"},\"image\":{\"@id\":\"https:\/\/www.ponyschule-steinbach.de\/index.php\/team\/joey\/#primaryimage\"},\"thumbnailUrl\":\"\",\"datePublished\":\"2017-02-10T14:14:39+00:00\",\"dateModified\":\"2020-11-28T20:21:35+00:00\",\"breadcrumb\":{\"@id\":\"https:\/\/www.ponyschule-steinbach.de\/index.php\/team\/joey\/#breadcrumb\"},\"inLanguage\":\"de\",\"potentialAction\":[{\"@type\":\"ReadAction\",\"target\":[\"https:\/\/www.ponyschule-steinbach.de\/index.php\/team\/joey\/\"]}]},{\"@type\":\"ImageObject\",\"inLanguage\":\"de\",\"@id\":\"https:\/\/www.ponyschule-steinbach.de\/index.php\/team\/joey\/#primaryimage\",\"url\":\"\",\"contentUrl\":\"\"},{\"@type\":\"BreadcrumbList\",\"@id\":\"https:\/\/www.ponyschule-steinbach.de\/index.php\/team\/joey\/#breadcrumb\",\"itemListElement\":[{\"@type\":\"ListItem\",\"position\":1,\"name\":\"Startseite\",\"item\":\"https:\/\/www.ponyschule-steinbach.de\/\"},{\"@type\":\"ListItem\",\"position\":2,\"name\":\"Unser Team\",\"item\":\"https:\/\/www.ponyschule-steinbach.de\/index.php\/team\/\"},{\"@type\":\"ListItem\",\"position\":3,\"name\":\"Joey (in Rente)\"}]},{\"@type\":\"WebSite\",\"@id\":\"https:\/\/www.ponyschule-steinbach.de\/#website\",\"url\":\"https:\/\/www.ponyschule-steinbach.de\/\",\"name\":\"TEAM PONYSCHULE - STEINBACH\",\"description\":\"Tiererlebnisp\u00e4dagogik mit Ponys und Pferden f\u00fcr Kinder ab 2 Jahren\",\"publisher\":{\"@id\":\"https:\/\/www.ponyschule-steinbach.de\/#organization\"},\"potentialAction\":[{\"@type\":\"SearchAction\",\"target\":{\"@type\":\"EntryPoint\",\"urlTemplate\":\"https:\/\/www.ponyschule-steinbach.de\/?s={search_term_string}\"},\"query-input\":{\"@type\":\"PropertyValueSpecification\",\"valueRequired\":true,\"valueName\":\"search_term_string\"}}],\"inLanguage\":\"de\"},{\"@type\":\"Organization\",\"@id\":\"https:\/\/www.ponyschule-steinbach.de\/#organization\",\"name\":\"TEAM PONYSCHULE - STEINBACH\",\"url\":\"https:\/\/www.ponyschule-steinbach.de\/\",\"logo\":{\"@type\":\"ImageObject\",\"inLanguage\":\"de\",\"@id\":\"https:\/\/www.ponyschule-steinbach.de\/#\/schema\/logo\/image\/\",\"url\":\"https:\/\/www.ponyschule-steinbach.de\/wp-content\/uploads\/2020\/11\/cropped-TeamPonySchule-Steinbach_Logo-2.png\",\"contentUrl\":\"https:\/\/www.ponyschule-steinbach.de\/wp-content\/uploads\/2020\/11\/cropped-TeamPonySchule-Steinbach_Logo-2.png\",\"width\":240,\"height\":247,\"caption\":\"TEAM       PONYSCHULE    -   STEINBACH\"},\"image\":{\"@id\":\"https:\/\/www.ponyschule-steinbach.de\/#\/schema\/logo\/image\/\"}}]}<\/script>\n<!-- \/ Yoast SEO plugin. -->","yoast_head_json":{"title":"Joey (in Rente) - TEAM PONYSCHULE - STEINBACH","robots":{"index":"index","follow":"follow","max-snippet":"max-snippet:-1","max-image-preview":"max-image-preview:large","max-video-preview":"max-video-preview:-1"},"canonical":"https:\/\/www.ponyschule-steinbach.de\/index.php\/team\/joey\/","og_locale":"de_DE","og_type":"article","og_title":"Joey (in Rente) - TEAM PONYSCHULE - STEINBACH","og_description":"Name: Sonny Red Joe BarsRasse: American Quater Horse genannt: Joey Geboren:1997 \u00dcber mich: Meist die Ruhe in Person, ich mache gerne mit und will dazu geh\u00f6ren\/dabei sein. Mein Leben war nicht immer so sch\u00f6n, aber hier bei meinen Freunden gef\u00e4llt es mir sehr gut und f\u00fchle mich sicher. Ich liebe meinen besten Freund Kn\u00f6pfchen, er &hellip; &#8222;Joey (in Rente)&#8220; weiterlesen","og_url":"https:\/\/www.ponyschule-steinbach.de\/index.php\/team\/joey\/","og_site_name":"TEAM PONYSCHULE - STEINBACH","article_modified_time":"2020-11-28T20:21:35+00:00","twitter_card":"summary_large_image","twitter_misc":{"Gesch\u00e4tzte Lesezeit":"1\u00a0Minute"},"schema":{"@context":"https:\/\/schema.org","@graph":[{"@type":"WebPage","@id":"https:\/\/www.ponyschule-steinbach.de\/index.php\/team\/joey\/","url":"https:\/\/www.ponyschule-steinbach.de\/index.php\/team\/joey\/","name":"Joey (in Rente) - TEAM PONYSCHULE - STEINBACH","isPartOf":{"@id":"https:\/\/www.ponyschule-steinbach.de\/#website"},"primaryImageOfPage":{"@id":"https:\/\/www.ponyschule-steinbach.de\/index.php\/team\/joey\/#primaryimage"},"image":{"@id":"https:\/\/www.ponyschule-steinbach.de\/index.php\/team\/joey\/#primaryimage"},"thumbnailUrl":"","datePublished":"2017-02-10T14:14:39+00:00","dateModified":"2020-11-28T20:21:35+00:00","breadcrumb":{"@id":"https:\/\/www.ponyschule-steinbach.de\/index.php\/team\/joey\/#breadcrumb"},"inLanguage":"de","potentialAction":[{"@type":"ReadAction","target":["https:\/\/www.ponyschule-steinbach.de\/index.php\/team\/joey\/"]}]},{"@type":"ImageObject","inLanguage":"de","@id":"https:\/\/www.ponyschule-steinbach.de\/index.php\/team\/joey\/#primaryimage","url":"","contentUrl":""},{"@type":"BreadcrumbList","@id":"https:\/\/www.ponyschule-steinbach.de\/index.php\/team\/joey\/#breadcrumb","itemListElement":[{"@type":"ListItem","position":1,"name":"Startseite","item":"https:\/\/www.ponyschule-steinbach.de\/"},{"@type":"ListItem","position":2,"name":"Unser Team","item":"https:\/\/www.ponyschule-steinbach.de\/index.php\/team\/"},{"@type":"ListItem","position":3,"name":"Joey (in Rente)"}]},{"@type":"WebSite","@id":"https:\/\/www.ponyschule-steinbach.de\/#website","url":"https:\/\/www.ponyschule-steinbach.de\/","name":"TEAM PONYSCHULE - STEINBACH","description":"Tiererlebnisp\u00e4dagogik mit Ponys und Pferden f\u00fcr Kinder ab 2 Jahren","publisher":{"@id":"https:\/\/www.ponyschule-steinbach.de\/#organization"},"potentialAction":[{"@type":"SearchAction","target":{"@type":"EntryPoint","urlTemplate":"https:\/\/www.ponyschule-steinbach.de\/?s={search_term_string}"},"query-input":{"@type":"PropertyValueSpecification","valueRequired":true,"valueName":"search_term_string"}}],"inLanguage":"de"},{"@type":"Organization","@id":"https:\/\/www.ponyschule-steinbach.de\/#organization","name":"TEAM PONYSCHULE - STEINBACH","url":"https:\/\/www.ponyschule-steinbach.de\/","logo":{"@type":"ImageObject","inLanguage":"de","@id":"https:\/\/www.ponyschule-steinbach.de\/#\/schema\/logo\/image\/","url":"https:\/\/www.ponyschule-steinbach.de\/wp-content\/uploads\/2020\/11\/cropped-TeamPonySchule-Steinbach_Logo-2.png","contentUrl":"https:\/\/www.ponyschule-steinbach.de\/wp-content\/uploads\/2020\/11\/cropped-TeamPonySchule-Steinbach_Logo-2.png","width":240,"height":247,"caption":"TEAM       PONYSCHULE    -   STEINBACH"},"image":{"@id":"https:\/\/www.ponyschule-steinbach.de\/#\/schema\/logo\/image\/"}}]}},"_links":{"self":[{"href":"https:\/\/www.ponyschule-steinbach.de\/index.php\/wp-json\/wp\/v2\/pages\/68"}],"collection":[{"href":"https:\/\/www.ponyschule-steinbach.de\/index.php\/wp-json\/wp\/v2\/pages"}],"about":[{"href":"https:\/\/www.ponyschule-steinbach.de\/index.php\/wp-json\/wp\/v2\/types\/page"}],"author":[{"embeddable":true,"href":"https:\/\/www.ponyschule-steinbach.de\/index.php\/wp-json\/wp\/v2\/users\/1"}],"replies":[{"embeddable":true,"href":"https:\/\/www.ponyschule-steinbach.de\/index.php\/wp-json\/wp\/v2\/comments?post=68"}],"version-history":[{"count":1,"href":"https:\/\/www.ponyschule-steinbach.de\/index.php\/wp-json\/wp\/v2\/pages\/68\/revisions"}],"predecessor-version":[{"id":2726,"href":"https:\/\/www.ponyschule-steinbach.de\/index.php\/wp-json\/wp\/v2\/pages\/68\/revisions\/2726"}],"up":[{"embeddable":true,"href":"https:\/\/www.ponyschule-steinbach.de\/index.php\/wp-json\/wp\/v2\/pages\/25"}],"wp:featuredmedia":[{"embeddable":true,"href":"https:\/\/www.ponyschule-steinbach.de\/index.php\/wp-json\/"}],"wp:attachment":[{"href":"https:\/\/www.ponyschule-steinbach.de\/index.php\/wp-json\/wp\/v2\/media?parent=68"}],"curies":[{"name":"wp","href":"https:\/\/api.w.org\/{rel}","templated":true}]}}