{"id":65,"date":"2017-02-10T14:12:19","date_gmt":"2017-02-10T14:12:19","guid":{"rendered":"http:\/\/ponyschule-steinbach.de\/wordpress\/?page_id=65"},"modified":"2020-11-28T21:18:05","modified_gmt":"2020-11-28T20:18:05","slug":"knoepfchen","status":"publish","type":"page","link":"https:\/\/www.ponyschule-steinbach.de\/index.php\/team\/knoepfchen\/","title":{"rendered":"Kn\u00f6pfchen"},"content":{"rendered":"<pre>Name: Winnie Poo\nGenannt: Kn\u00f6pfchen<br \/>Rasse: Mini Shetty\nGeboren: 2006\n\u00dcber mich: Ich bin der Kleinste im Team, ich liebe gutes Essen und spielen mit meinem besten Freund Joey\n<\/pre>\n\n\n<figure class=\"wp-block-gallery columns-3 is-cropped wp-block-gallery-1 is-layout-flex wp-block-gallery-is-layout-flex\"><ul class=\"blocks-gallery-grid\"><li class=\"blocks-gallery-item\"><figure><img loading=\"lazy\" decoding=\"async\" width=\"1024\" height=\"768\" src=\"https:\/\/www.ponyschule-steinbach.de\/wp-content\/uploads\/2020\/11\/IMG_4199-1024x768-1.jpg\" alt=\"\" data-id=\"2134\" data-full-url=\"https:\/\/www.ponyschule-steinbach.de\/wp-content\/uploads\/2020\/11\/IMG_4199-1024x768-1.jpg\" data-link=\"https:\/\/www.ponyschule-steinbach.de\/img_4199-1024x768\/\" class=\"wp-image-2134\" srcset=\"https:\/\/www.ponyschule-steinbach.de\/wp-content\/uploads\/2020\/11\/IMG_4199-1024x768-1.jpg 1024w, https:\/\/www.ponyschule-steinbach.de\/wp-content\/uploads\/2020\/11\/IMG_4199-1024x768-1-300x225.jpg 300w, https:\/\/www.ponyschule-steinbach.de\/wp-content\/uploads\/2020\/11\/IMG_4199-1024x768-1-768x576.jpg 768w\" sizes=\"(max-width: 709px) 85vw, (max-width: 909px) 67vw, (max-width: 1362px) 62vw, 840px\" \/><\/figure><\/li><li class=\"blocks-gallery-item\"><figure><img loading=\"lazy\" decoding=\"async\" width=\"768\" height=\"1024\" src=\"https:\/\/www.ponyschule-steinbach.de\/wp-content\/uploads\/2020\/11\/IMG_9048-e1561644037734-768x1024-1.jpg\" alt=\"\" data-id=\"2337\" data-full-url=\"https:\/\/www.ponyschule-steinbach.de\/wp-content\/uploads\/2020\/11\/IMG_9048-e1561644037734-768x1024-1.jpg\" data-link=\"https:\/\/www.ponyschule-steinbach.de\/img_9048-e1561644037734-768x1024\/\" class=\"wp-image-2337\" srcset=\"https:\/\/www.ponyschule-steinbach.de\/wp-content\/uploads\/2020\/11\/IMG_9048-e1561644037734-768x1024-1.jpg 768w, https:\/\/www.ponyschule-steinbach.de\/wp-content\/uploads\/2020\/11\/IMG_9048-e1561644037734-768x1024-1-225x300.jpg 225w\" sizes=\"(max-width: 768px) 85vw, 768px\" \/><\/figure><\/li><li class=\"blocks-gallery-item\"><figure><img loading=\"lazy\" decoding=\"async\" width=\"768\" height=\"1024\" src=\"https:\/\/www.ponyschule-steinbach.de\/wp-content\/uploads\/2020\/11\/IMG_8080-e1561575840220-768x1024-1.jpg\" alt=\"\" data-id=\"2193\" data-full-url=\"https:\/\/www.ponyschule-steinbach.de\/wp-content\/uploads\/2020\/11\/IMG_8080-e1561575840220-768x1024-1.jpg\" data-link=\"https:\/\/www.ponyschule-steinbach.de\/img_8080-e1561575840220-768x1024\/\" class=\"wp-image-2193\" srcset=\"https:\/\/www.ponyschule-steinbach.de\/wp-content\/uploads\/2020\/11\/IMG_8080-e1561575840220-768x1024-1.jpg 768w, https:\/\/www.ponyschule-steinbach.de\/wp-content\/uploads\/2020\/11\/IMG_8080-e1561575840220-768x1024-1-225x300.jpg 225w\" sizes=\"(max-width: 768px) 85vw, 768px\" \/><\/figure><\/li><li class=\"blocks-gallery-item\"><figure><img loading=\"lazy\" decoding=\"async\" width=\"1024\" height=\"768\" src=\"https:\/\/www.ponyschule-steinbach.de\/wp-content\/uploads\/2020\/11\/img_1844-1024x768.jpg\" alt=\"\" data-id=\"2718\" data-full-url=\"https:\/\/www.ponyschule-steinbach.de\/wp-content\/uploads\/2020\/11\/img_1844.jpg\" data-link=\"https:\/\/www.ponyschule-steinbach.de\/index.php\/team\/knoepfchen\/img_1844\/\" class=\"wp-image-2718\" srcset=\"https:\/\/www.ponyschule-steinbach.de\/wp-content\/uploads\/2020\/11\/img_1844-1024x768.jpg 1024w, https:\/\/www.ponyschule-steinbach.de\/wp-content\/uploads\/2020\/11\/img_1844-300x225.jpg 300w, https:\/\/www.ponyschule-steinbach.de\/wp-content\/uploads\/2020\/11\/img_1844-768x576.jpg 768w, https:\/\/www.ponyschule-steinbach.de\/wp-content\/uploads\/2020\/11\/img_1844.jpg 1200w\" sizes=\"(max-width: 709px) 85vw, (max-width: 909px) 67vw, (max-width: 1362px) 62vw, 840px\" \/><\/figure><\/li><li class=\"blocks-gallery-item\"><figure><img loading=\"lazy\" decoding=\"async\" width=\"1024\" height=\"576\" src=\"https:\/\/www.ponyschule-steinbach.de\/wp-content\/uploads\/2020\/11\/DSC_0677-1024x576.jpg\" alt=\"\" data-id=\"2719\" data-full-url=\"https:\/\/www.ponyschule-steinbach.de\/wp-content\/uploads\/2020\/11\/DSC_0677.jpg\" data-link=\"https:\/\/www.ponyschule-steinbach.de\/index.php\/team\/knoepfchen\/dsc_0677\/\" class=\"wp-image-2719\" srcset=\"https:\/\/www.ponyschule-steinbach.de\/wp-content\/uploads\/2020\/11\/DSC_0677-1024x576.jpg 1024w, https:\/\/www.ponyschule-steinbach.de\/wp-content\/uploads\/2020\/11\/DSC_0677-300x169.jpg 300w, https:\/\/www.ponyschule-steinbach.de\/wp-content\/uploads\/2020\/11\/DSC_0677-768x432.jpg 768w, https:\/\/www.ponyschule-steinbach.de\/wp-content\/uploads\/2020\/11\/DSC_0677.jpg 1200w\" sizes=\"(max-width: 709px) 85vw, (max-width: 909px) 67vw, (max-width: 1362px) 62vw, 840px\" \/><\/figure><\/li><li class=\"blocks-gallery-item\"><figure><img loading=\"lazy\" decoding=\"async\" width=\"1024\" height=\"684\" src=\"https:\/\/www.ponyschule-steinbach.de\/wp-content\/uploads\/2020\/11\/IMG_9955-1024x684.jpg\" alt=\"\" data-id=\"2720\" data-full-url=\"https:\/\/www.ponyschule-steinbach.de\/wp-content\/uploads\/2020\/11\/IMG_9955.jpg\" data-link=\"https:\/\/www.ponyschule-steinbach.de\/index.php\/team\/knoepfchen\/img_9955\/\" class=\"wp-image-2720\" srcset=\"https:\/\/www.ponyschule-steinbach.de\/wp-content\/uploads\/2020\/11\/IMG_9955-1024x684.jpg 1024w, https:\/\/www.ponyschule-steinbach.de\/wp-content\/uploads\/2020\/11\/IMG_9955-300x200.jpg 300w, https:\/\/www.ponyschule-steinbach.de\/wp-content\/uploads\/2020\/11\/IMG_9955-768x513.jpg 768w, https:\/\/www.ponyschule-steinbach.de\/wp-content\/uploads\/2020\/11\/IMG_9955.jpg 1200w\" sizes=\"(max-width: 709px) 85vw, (max-width: 909px) 67vw, (max-width: 1362px) 62vw, 840px\" \/><\/figure><\/li><li class=\"blocks-gallery-item\"><figure><img loading=\"lazy\" decoding=\"async\" width=\"1024\" height=\"768\" src=\"https:\/\/www.ponyschule-steinbach.de\/wp-content\/uploads\/2020\/11\/2017-07-11-15.29.45-1024x768-1.jpg\" alt=\"\" data-id=\"1494\" data-full-url=\"https:\/\/www.ponyschule-steinbach.de\/wp-content\/uploads\/2020\/11\/2017-07-11-15.29.45-1024x768-1.jpg\" data-link=\"https:\/\/www.ponyschule-steinbach.de\/2017-07-11-15-29-45-1024x768\/\" class=\"wp-image-1494\" srcset=\"https:\/\/www.ponyschule-steinbach.de\/wp-content\/uploads\/2020\/11\/2017-07-11-15.29.45-1024x768-1.jpg 1024w, https:\/\/www.ponyschule-steinbach.de\/wp-content\/uploads\/2020\/11\/2017-07-11-15.29.45-1024x768-1-300x225.jpg 300w, https:\/\/www.ponyschule-steinbach.de\/wp-content\/uploads\/2020\/11\/2017-07-11-15.29.45-1024x768-1-768x576.jpg 768w\" sizes=\"(max-width: 709px) 85vw, (max-width: 909px) 67vw, (max-width: 1362px) 62vw, 840px\" \/><\/figure><\/li><\/ul><\/figure>\n","protected":false},"excerpt":{"rendered":"<p>Name: Winnie Poo Genannt: Kn\u00f6pfchenRasse: Mini Shetty Geboren: 2006 \u00dcber mich: Ich bin der Kleinste im Team, ich liebe gutes Essen und spielen mit meinem besten Freund Joey<\/p>\n","protected":false},"author":1,"featured_media":66,"parent":25,"menu_order":0,"comment_status":"closed","ping_status":"closed","template":"","meta":{"footnotes":""},"class_list":["post-65","page","type-page","status-publish","has-post-thumbnail","hentry"],"yoast_head":"<!-- This site is optimized with the Yoast SEO plugin v23.8 - https:\/\/yoast.com\/wordpress\/plugins\/seo\/ -->\n<title>Kn\u00f6pfchen - TEAM PONYSCHULE - STEINBACH<\/title>\n<meta name=\"robots\" content=\"index, follow, max-snippet:-1, max-image-preview:large, max-video-preview:-1\" \/>\n<link rel=\"canonical\" href=\"https:\/\/www.ponyschule-steinbach.de\/index.php\/team\/knoepfchen\/\" \/>\n<meta property=\"og:locale\" content=\"de_DE\" \/>\n<meta property=\"og:type\" content=\"article\" \/>\n<meta property=\"og:title\" content=\"Kn\u00f6pfchen - TEAM PONYSCHULE - STEINBACH\" \/>\n<meta property=\"og:description\" content=\"Name: Winnie Poo Genannt: Kn\u00f6pfchenRasse: Mini Shetty Geboren: 2006 \u00dcber mich: Ich bin der Kleinste im Team, ich liebe gutes Essen und spielen mit meinem besten Freund Joey\" \/>\n<meta property=\"og:url\" content=\"https:\/\/www.ponyschule-steinbach.de\/index.php\/team\/knoepfchen\/\" \/>\n<meta property=\"og:site_name\" content=\"TEAM PONYSCHULE - STEINBACH\" \/>\n<meta property=\"article:modified_time\" content=\"2020-11-28T20:18:05+00:00\" \/>\n<meta name=\"twitter:card\" content=\"summary_large_image\" \/>\n<script type=\"application\/ld+json\" class=\"yoast-schema-graph\">{\"@context\":\"https:\/\/schema.org\",\"@graph\":[{\"@type\":\"WebPage\",\"@id\":\"https:\/\/www.ponyschule-steinbach.de\/index.php\/team\/knoepfchen\/\",\"url\":\"https:\/\/www.ponyschule-steinbach.de\/index.php\/team\/knoepfchen\/\",\"name\":\"Kn\u00f6pfchen - TEAM PONYSCHULE - STEINBACH\",\"isPartOf\":{\"@id\":\"https:\/\/www.ponyschule-steinbach.de\/#website\"},\"primaryImageOfPage\":{\"@id\":\"https:\/\/www.ponyschule-steinbach.de\/index.php\/team\/knoepfchen\/#primaryimage\"},\"image\":{\"@id\":\"https:\/\/www.ponyschule-steinbach.de\/index.php\/team\/knoepfchen\/#primaryimage\"},\"thumbnailUrl\":\"\",\"datePublished\":\"2017-02-10T14:12:19+00:00\",\"dateModified\":\"2020-11-28T20:18:05+00:00\",\"breadcrumb\":{\"@id\":\"https:\/\/www.ponyschule-steinbach.de\/index.php\/team\/knoepfchen\/#breadcrumb\"},\"inLanguage\":\"de\",\"potentialAction\":[{\"@type\":\"ReadAction\",\"target\":[\"https:\/\/www.ponyschule-steinbach.de\/index.php\/team\/knoepfchen\/\"]}]},{\"@type\":\"ImageObject\",\"inLanguage\":\"de\",\"@id\":\"https:\/\/www.ponyschule-steinbach.de\/index.php\/team\/knoepfchen\/#primaryimage\",\"url\":\"\",\"contentUrl\":\"\"},{\"@type\":\"BreadcrumbList\",\"@id\":\"https:\/\/www.ponyschule-steinbach.de\/index.php\/team\/knoepfchen\/#breadcrumb\",\"itemListElement\":[{\"@type\":\"ListItem\",\"position\":1,\"name\":\"Startseite\",\"item\":\"https:\/\/www.ponyschule-steinbach.de\/\"},{\"@type\":\"ListItem\",\"position\":2,\"name\":\"Unser Team\",\"item\":\"https:\/\/www.ponyschule-steinbach.de\/index.php\/team\/\"},{\"@type\":\"ListItem\",\"position\":3,\"name\":\"Kn\u00f6pfchen\"}]},{\"@type\":\"WebSite\",\"@id\":\"https:\/\/www.ponyschule-steinbach.de\/#website\",\"url\":\"https:\/\/www.ponyschule-steinbach.de\/\",\"name\":\"TEAM PONYSCHULE - STEINBACH\",\"description\":\"Tiererlebnisp\u00e4dagogik mit Ponys und Pferden f\u00fcr Kinder ab 2 Jahren\",\"publisher\":{\"@id\":\"https:\/\/www.ponyschule-steinbach.de\/#organization\"},\"potentialAction\":[{\"@type\":\"SearchAction\",\"target\":{\"@type\":\"EntryPoint\",\"urlTemplate\":\"https:\/\/www.ponyschule-steinbach.de\/?s={search_term_string}\"},\"query-input\":{\"@type\":\"PropertyValueSpecification\",\"valueRequired\":true,\"valueName\":\"search_term_string\"}}],\"inLanguage\":\"de\"},{\"@type\":\"Organization\",\"@id\":\"https:\/\/www.ponyschule-steinbach.de\/#organization\",\"name\":\"TEAM PONYSCHULE - STEINBACH\",\"url\":\"https:\/\/www.ponyschule-steinbach.de\/\",\"logo\":{\"@type\":\"ImageObject\",\"inLanguage\":\"de\",\"@id\":\"https:\/\/www.ponyschule-steinbach.de\/#\/schema\/logo\/image\/\",\"url\":\"https:\/\/www.ponyschule-steinbach.de\/wp-content\/uploads\/2020\/11\/cropped-TeamPonySchule-Steinbach_Logo-2.png\",\"contentUrl\":\"https:\/\/www.ponyschule-steinbach.de\/wp-content\/uploads\/2020\/11\/cropped-TeamPonySchule-Steinbach_Logo-2.png\",\"width\":240,\"height\":247,\"caption\":\"TEAM       PONYSCHULE    -   STEINBACH\"},\"image\":{\"@id\":\"https:\/\/www.ponyschule-steinbach.de\/#\/schema\/logo\/image\/\"}}]}<\/script>\n<!-- \/ Yoast SEO plugin. -->","yoast_head_json":{"title":"Kn\u00f6pfchen - TEAM PONYSCHULE - STEINBACH","robots":{"index":"index","follow":"follow","max-snippet":"max-snippet:-1","max-image-preview":"max-image-preview:large","max-video-preview":"max-video-preview:-1"},"canonical":"https:\/\/www.ponyschule-steinbach.de\/index.php\/team\/knoepfchen\/","og_locale":"de_DE","og_type":"article","og_title":"Kn\u00f6pfchen - TEAM PONYSCHULE - STEINBACH","og_description":"Name: Winnie Poo Genannt: Kn\u00f6pfchenRasse: Mini Shetty Geboren: 2006 \u00dcber mich: Ich bin der Kleinste im Team, ich liebe gutes Essen und spielen mit meinem besten Freund Joey","og_url":"https:\/\/www.ponyschule-steinbach.de\/index.php\/team\/knoepfchen\/","og_site_name":"TEAM PONYSCHULE - STEINBACH","article_modified_time":"2020-11-28T20:18:05+00:00","twitter_card":"summary_large_image","schema":{"@context":"https:\/\/schema.org","@graph":[{"@type":"WebPage","@id":"https:\/\/www.ponyschule-steinbach.de\/index.php\/team\/knoepfchen\/","url":"https:\/\/www.ponyschule-steinbach.de\/index.php\/team\/knoepfchen\/","name":"Kn\u00f6pfchen - TEAM PONYSCHULE - STEINBACH","isPartOf":{"@id":"https:\/\/www.ponyschule-steinbach.de\/#website"},"primaryImageOfPage":{"@id":"https:\/\/www.ponyschule-steinbach.de\/index.php\/team\/knoepfchen\/#primaryimage"},"image":{"@id":"https:\/\/www.ponyschule-steinbach.de\/index.php\/team\/knoepfchen\/#primaryimage"},"thumbnailUrl":"","datePublished":"2017-02-10T14:12:19+00:00","dateModified":"2020-11-28T20:18:05+00:00","breadcrumb":{"@id":"https:\/\/www.ponyschule-steinbach.de\/index.php\/team\/knoepfchen\/#breadcrumb"},"inLanguage":"de","potentialAction":[{"@type":"ReadAction","target":["https:\/\/www.ponyschule-steinbach.de\/index.php\/team\/knoepfchen\/"]}]},{"@type":"ImageObject","inLanguage":"de","@id":"https:\/\/www.ponyschule-steinbach.de\/index.php\/team\/knoepfchen\/#primaryimage","url":"","contentUrl":""},{"@type":"BreadcrumbList","@id":"https:\/\/www.ponyschule-steinbach.de\/index.php\/team\/knoepfchen\/#breadcrumb","itemListElement":[{"@type":"ListItem","position":1,"name":"Startseite","item":"https:\/\/www.ponyschule-steinbach.de\/"},{"@type":"ListItem","position":2,"name":"Unser Team","item":"https:\/\/www.ponyschule-steinbach.de\/index.php\/team\/"},{"@type":"ListItem","position":3,"name":"Kn\u00f6pfchen"}]},{"@type":"WebSite","@id":"https:\/\/www.ponyschule-steinbach.de\/#website","url":"https:\/\/www.ponyschule-steinbach.de\/","name":"TEAM PONYSCHULE - STEINBACH","description":"Tiererlebnisp\u00e4dagogik mit Ponys und Pferden f\u00fcr Kinder ab 2 Jahren","publisher":{"@id":"https:\/\/www.ponyschule-steinbach.de\/#organization"},"potentialAction":[{"@type":"SearchAction","target":{"@type":"EntryPoint","urlTemplate":"https:\/\/www.ponyschule-steinbach.de\/?s={search_term_string}"},"query-input":{"@type":"PropertyValueSpecification","valueRequired":true,"valueName":"search_term_string"}}],"inLanguage":"de"},{"@type":"Organization","@id":"https:\/\/www.ponyschule-steinbach.de\/#organization","name":"TEAM PONYSCHULE - STEINBACH","url":"https:\/\/www.ponyschule-steinbach.de\/","logo":{"@type":"ImageObject","inLanguage":"de","@id":"https:\/\/www.ponyschule-steinbach.de\/#\/schema\/logo\/image\/","url":"https:\/\/www.ponyschule-steinbach.de\/wp-content\/uploads\/2020\/11\/cropped-TeamPonySchule-Steinbach_Logo-2.png","contentUrl":"https:\/\/www.ponyschule-steinbach.de\/wp-content\/uploads\/2020\/11\/cropped-TeamPonySchule-Steinbach_Logo-2.png","width":240,"height":247,"caption":"TEAM       PONYSCHULE    -   STEINBACH"},"image":{"@id":"https:\/\/www.ponyschule-steinbach.de\/#\/schema\/logo\/image\/"}}]}},"_links":{"self":[{"href":"https:\/\/www.ponyschule-steinbach.de\/index.php\/wp-json\/wp\/v2\/pages\/65"}],"collection":[{"href":"https:\/\/www.ponyschule-steinbach.de\/index.php\/wp-json\/wp\/v2\/pages"}],"about":[{"href":"https:\/\/www.ponyschule-steinbach.de\/index.php\/wp-json\/wp\/v2\/types\/page"}],"author":[{"embeddable":true,"href":"https:\/\/www.ponyschule-steinbach.de\/index.php\/wp-json\/wp\/v2\/users\/1"}],"replies":[{"embeddable":true,"href":"https:\/\/www.ponyschule-steinbach.de\/index.php\/wp-json\/wp\/v2\/comments?post=65"}],"version-history":[{"count":3,"href":"https:\/\/www.ponyschule-steinbach.de\/index.php\/wp-json\/wp\/v2\/pages\/65\/revisions"}],"predecessor-version":[{"id":2721,"href":"https:\/\/www.ponyschule-steinbach.de\/index.php\/wp-json\/wp\/v2\/pages\/65\/revisions\/2721"}],"up":[{"embeddable":true,"href":"https:\/\/www.ponyschule-steinbach.de\/index.php\/wp-json\/wp\/v2\/pages\/25"}],"wp:featuredmedia":[{"embeddable":true,"href":"https:\/\/www.ponyschule-steinbach.de\/index.php\/wp-json\/"}],"wp:attachment":[{"href":"https:\/\/www.ponyschule-steinbach.de\/index.php\/wp-json\/wp\/v2\/media?parent=65"}],"curies":[{"name":"wp","href":"https:\/\/api.w.org\/{rel}","templated":true}]}}