{"id":516,"date":"2018-06-11T08:43:01","date_gmt":"2018-06-11T07:43:01","guid":{"rendered":"http:\/\/ponyschule-steinbach.de\/wordpress\/?page_id=516"},"modified":"2018-06-11T08:43:01","modified_gmt":"2018-06-11T07:43:01","slug":"datenschutzerklaerung-2","status":"publish","type":"page","link":"https:\/\/www.ponyschule-steinbach.de\/index.php\/datenschutzerklaerung-2\/","title":{"rendered":"Datenschutzerkl\u00e4rung"},"content":{"rendered":"<div class=\"template-page content av-content-full alpha units\">\n<div class=\"post-entry post-entry-type-page post-entry-12447\">\n<div class=\"entry-content-wrapper clearfix\">\n<div class=\"flex_column av_three_fifth no_margin flex_column_div first avia-builder-el-2 el_after_av_section el_before_av_two_fifth avia-builder-el-first \">\n<section class=\"av_textblock_section \">\n<div class=\"avia_textblock \">\n<div id=\"generatorPreviewWrapper\">\n<div id=\"generatorPreview\">\n<h1>Datenschutzerkl\u00e4rung<\/h1>\n<p>Verantwortliche Stelle im Sinne der Datenschutzgesetze, insbesondere der EU-Datenschutzgrundverordnung (DSGVO), ist:<\/p>\n<p>Rebecca Pulverich<br \/>\nZechenweg 2<br \/>\n35708 Haiger<\/p>\n<h2>Ihre Betroffenenrechte<\/h2>\n<p>Unter den angegebenen Kontaktdaten unseres Datenschutzbeauftragten k\u00f6nnen Sie jederzeit folgende Rechte aus\u00fcben:<\/p>\n<ul>\n<li>Auskunft \u00fcber Ihre bei uns gespeicherten Daten und deren Verarbeitung,<\/li>\n<li>Berichtigung unrichtiger personenbezogener Daten,<\/li>\n<li>L\u00f6schung Ihrer bei uns gespeicherten Daten,<\/li>\n<li>Einschr\u00e4nkung der Datenverarbeitung, sofern wir Ihre Daten aufgrund gesetzlicher Pflichten noch nicht l\u00f6schen d\u00fcrfen,<\/li>\n<li>Widerspruch gegen die Verarbeitung Ihrer Daten bei uns und<\/li>\n<li>Daten\u00fcbertragbarkeit, sofern Sie in die Datenverarbeitung eingewilligt haben oder einen Vertrag mit uns abgeschlossen haben.<\/li>\n<\/ul>\n<p>Sofern Sie uns eine Einwilligung erteilt haben, k\u00f6nnen Sie diese jederzeit mit Wirkung f\u00fcr die Zukunft widerrufen.<\/p>\n<p>Sie k\u00f6nnen sich jederzeit mit einer Beschwerde an die f\u00fcr Sie zust\u00e4ndige Aufsichtsbeh\u00f6rde wenden. Ihre zust\u00e4ndige Aufsichtsbeh\u00f6rde richtet sich nach dem Bundesland Ihres Wohnsitzes, Ihrer Arbeit oder der mutma\u00dflichen Verletzung. Eine Liste der Aufsichtsbeh\u00f6rden (f\u00fcr den nicht\u00f6ffentlichen Bereich) mit Anschrift finden Sie unter: <a href=\"https:\/\/www.bfdi.bund.de\/DE\/Infothek\/Anschriften_Links\/anschriften_links-node.html\" target=\"_blank\" rel=\"noopener noreferrer\">https:\/\/www.bfdi.bund.de\/DE\/Infothek\/Anschriften_Links\/anschriften_links-node.html<\/a>.<\/p>\n<h2>Zwecke der Datenverarbeitung durch die verantwortliche Stelle und Dritte<\/h2>\n<p>Wir verarbeiten Ihre personenbezogenen Daten nur zu den in dieser Datenschutzerkl\u00e4rung genannten Zwecken. Eine \u00dcbermittlung Ihrer pers\u00f6nlichen Daten an Dritte zu anderen als den genannten Zwecken findet nicht statt. Wir geben Ihre pers\u00f6nlichen Daten nur an Dritte weiter, wenn:<\/p>\n<ul>\n<li>Sie Ihre ausdr\u00fcckliche Einwilligung dazu erteilt haben,<\/li>\n<li>die Verarbeitung zur Abwicklung eines Vertrags mit Ihnen erforderlich ist,<\/li>\n<li>die Verarbeitung zur Erf\u00fcllung einer rechtlichen Verpflichtung erforderlich ist,<\/li>\n<\/ul>\n<p>die Verarbeitung zur Wahrung berechtigter Interessen erforderlich ist und kein Grund zur Annahme besteht, dass Sie ein \u00fcberwiegendes schutzw\u00fcrdiges Interesse an der Nichtweitergabe Ihrer Daten haben.<\/p>\n<h2>L\u00f6schung bzw. Sperrung der Daten<\/h2>\n<p>Wir halten uns an die Grunds\u00e4tze der Datenvermeidung und Datensparsamkeit. Wir speichern Ihre personenbezogenen Daten daher nur so lange, wie dies zur Erreichung der hier genannten Zwecke erforderlich ist oder wie es die vom Gesetzgeber vorgesehenen vielf\u00e4ltigen Speicherfristen vorsehen. Nach Fortfall des jeweiligen Zweckes bzw. Ablauf dieser Fristen werden die entsprechenden Daten routinem\u00e4\u00dfig und entsprechend den gesetzlichen Vorschriften gesperrt oder gel\u00f6scht.<\/p>\n<h2>Cookies<\/h2>\n<p>Wie viele andere Webseiten verwenden wir auch so genannte \u201eCookies\u201c. Cookies sind kleine Textdateien, die von einem Websiteserver auf Ihre Festplatte \u00fcbertragen werden. Hierdurch erhalten wir automatisch bestimmte Daten wie z. B. IP-Adresse, verwendeter Browser, Betriebssystem und Ihre Verbindung zum Internet.<\/p>\n<p>Cookies k\u00f6nnen nicht verwendet werden, um Programme zu starten oder Viren auf einen Computer zu \u00fcbertragen. Anhand der in Cookies enthaltenen Informationen k\u00f6nnen wir Ihnen die Navigation erleichtern und die korrekte Anzeige unserer Webseiten erm\u00f6glichen.<\/p>\n<p>In keinem Fall werden die von uns erfassten Daten an Dritte weitergegeben oder ohne Ihre Einwilligung eine Verkn\u00fcpfung mit personenbezogenen Daten hergestellt.<\/p>\n<p>Nat\u00fcrlich k\u00f6nnen Sie unsere Website grunds\u00e4tzlich auch ohne Cookies betrachten. Internet-Browser sind regelm\u00e4\u00dfig so eingestellt, dass sie Cookies akzeptieren. Im Allgemeinen k\u00f6nnen Sie die Verwendung von Cookies jederzeit \u00fcber die Einstellungen Ihres Browsers deaktivieren. Bitte verwenden Sie die Hilfefunktionen Ihres Internetbrowsers, um zu erfahren, wie Sie diese Einstellungen \u00e4ndern k\u00f6nnen. Bitte beachten Sie, dass einzelne Funktionen unserer Website m\u00f6glicherweise nicht funktionieren, wenn Sie die Verwendung von Cookies deaktiviert haben.<\/p>\n<h2>Registrierung auf unserer Webseite<\/h2>\n<p>Bei der Registrierung f\u00fcr die Nutzung unserer personalisierten Leistungen werden einige personenbezogene Daten erhoben, wie Name, Anschrift, Kontakt- und Kommunikationsdaten wie Telefonnummer und E-Mail-Adresse. Sind Sie bei uns registriert, k\u00f6nnen Sie auf Inhalte und Leistungen zugreifen, die wir nur registrierten Nutzern anbieten. Angemeldete Nutzer haben zudem die M\u00f6glichkeit, bei Bedarf die bei Registrierung angegebenen Daten jederzeit zu \u00e4ndern oder zu l\u00f6schen. Selbstverst\u00e4ndlich erteilen wir Ihnen dar\u00fcber hinaus jederzeit Auskunft \u00fcber die von uns \u00fcber Sie gespeicherten personenbezogenen Daten. Gerne berichtigen bzw. l\u00f6schen wir diese auch auf Ihren Wunsch, soweit keine gesetzlichen Aufbewahrungspflichten entgegenstehen. Zur Kontaktaufnahme in diesem Zusammenhang nutzen Sie bitte die am Ende dieser Datenschutzerkl\u00e4rung angegebenen Kontaktdaten.<\/p>\n<h2>SSL-Verschl\u00fcsselung<\/h2>\n<p>Um die Sicherheit Ihrer Daten bei der \u00dcbertragung zu sch\u00fctzen, verwenden wir dem aktuellen Stand der Technik entsprechende Verschl\u00fcsselungsverfahren (z. B. SSL) \u00fcber HTTPS.<\/p>\n<h2>Kontaktformular<\/h2>\n<p>Treten Sie bzgl. Fragen jeglicher Art per E-Mail oder Kontaktformular mit uns in Kontakt, erteilen Sie uns zum Zwecke der Kontaktaufnahme Ihre freiwillige Einwilligung. Hierf\u00fcr ist die Angabe einer validen E-Mail-Adresse erforderlich. Diese dient der Zuordnung der Anfrage und der anschlie\u00dfenden Beantwortung derselben. Die Angabe weiterer Daten ist optional. Die von Ihnen gemachten Angaben werden zum Zwecke der Bearbeitung der Anfrage sowie f\u00fcr m\u00f6gliche Anschlussfragen gespeichert. Nach Erledigung der von Ihnen gestellten Anfrage werden personenbezogene Daten automatisch gel\u00f6scht.<\/p>\n<h2><strong>\u00c4nderung unserer Datenschutzbestimmungen<\/strong><\/h2>\n<p>Wir behalten uns vor, diese Datenschutzerkl\u00e4rung anzupassen, damit sie stets den aktuellen rechtlichen Anforderungen entspricht oder um \u00c4nderungen unserer Leistungen in der Datenschutzerkl\u00e4rung umzusetzen, z.B. bei der Einf\u00fchrung neuer Services. F\u00fcr Ihren erneuten Besuch gilt dann die neue Datenschutzerkl\u00e4rung.<\/p>\n<h2><strong>Fragen an den Datenschutzbeauftragten<\/strong><\/h2>\n<p>Wenn Sie Fragen zum Datenschutz haben, schreiben Sie uns bitte eine E-Mail oder wenden Sie sich direkt an die f\u00fcr den Datenschutz verantwortliche Person in unserer Organisation:<\/p>\n<p><em>Die Datenschutzerkl\u00e4rung wurde mit dem <\/em><a href=\"https:\/\/www.activemind.de\/datenschutz\/datenschutzhinweis-generator\/\" target=\"_blank\" rel=\"noopener noreferrer\"><em>Datenschutzerkl\u00e4rungs-Generator der activeMind AG erstellt<\/em><\/a><em>.<\/em><\/p>\n<\/div>\n<\/div>\n<\/div>\n<\/section>\n<\/div>\n<\/div>\n<\/div>\n<\/div>\n","protected":false},"excerpt":{"rendered":"<p>Datenschutzerkl\u00e4rung Verantwortliche Stelle im Sinne der Datenschutzgesetze, insbesondere der EU-Datenschutzgrundverordnung (DSGVO), ist: Rebecca Pulverich Zechenweg 2 35708 Haiger Ihre Betroffenenrechte Unter den angegebenen Kontaktdaten unseres Datenschutzbeauftragten k\u00f6nnen Sie jederzeit folgende Rechte aus\u00fcben: Auskunft \u00fcber Ihre bei uns gespeicherten Daten und deren Verarbeitung, Berichtigung unrichtiger personenbezogener Daten, L\u00f6schung Ihrer bei uns gespeicherten Daten, Einschr\u00e4nkung der Datenverarbeitung, &hellip; <a href=\"https:\/\/www.ponyschule-steinbach.de\/index.php\/datenschutzerklaerung-2\/\" class=\"more-link\"><span class=\"screen-reader-text\">&#8222;Datenschutzerkl\u00e4rung&#8220; <\/span>weiterlesen<\/a><\/p>\n","protected":false},"author":1,"featured_media":0,"parent":0,"menu_order":0,"comment_status":"closed","ping_status":"closed","template":"","meta":{"footnotes":""},"class_list":["post-516","page","type-page","status-publish","hentry"],"yoast_head":"<!-- This site is optimized with the Yoast SEO plugin v23.8 - https:\/\/yoast.com\/wordpress\/plugins\/seo\/ -->\n<title>Datenschutzerkl\u00e4rung - TEAM PONYSCHULE - STEINBACH<\/title>\n<meta name=\"robots\" content=\"index, follow, max-snippet:-1, max-image-preview:large, max-video-preview:-1\" \/>\n<link rel=\"canonical\" href=\"https:\/\/www.ponyschule-steinbach.de\/index.php\/datenschutzerklaerung-2\/\" \/>\n<meta property=\"og:locale\" content=\"de_DE\" \/>\n<meta property=\"og:type\" content=\"article\" \/>\n<meta property=\"og:title\" content=\"Datenschutzerkl\u00e4rung - TEAM PONYSCHULE - STEINBACH\" \/>\n<meta property=\"og:description\" content=\"Datenschutzerkl\u00e4rung Verantwortliche Stelle im Sinne der Datenschutzgesetze, insbesondere der EU-Datenschutzgrundverordnung (DSGVO), ist: Rebecca Pulverich Zechenweg 2 35708 Haiger Ihre Betroffenenrechte Unter den angegebenen Kontaktdaten unseres Datenschutzbeauftragten k\u00f6nnen Sie jederzeit folgende Rechte aus\u00fcben: Auskunft \u00fcber Ihre bei uns gespeicherten Daten und deren Verarbeitung, Berichtigung unrichtiger personenbezogener Daten, L\u00f6schung Ihrer bei uns gespeicherten Daten, Einschr\u00e4nkung der Datenverarbeitung, &hellip; &#8222;Datenschutzerkl\u00e4rung&#8220; weiterlesen\" \/>\n<meta property=\"og:url\" content=\"https:\/\/www.ponyschule-steinbach.de\/index.php\/datenschutzerklaerung-2\/\" \/>\n<meta property=\"og:site_name\" content=\"TEAM PONYSCHULE - STEINBACH\" \/>\n<meta name=\"twitter:card\" content=\"summary_large_image\" \/>\n<meta name=\"twitter:label1\" content=\"Gesch\u00e4tzte Lesezeit\" \/>\n\t<meta name=\"twitter:data1\" content=\"4\u00a0Minuten\" \/>\n<script type=\"application\/ld+json\" class=\"yoast-schema-graph\">{\"@context\":\"https:\/\/schema.org\",\"@graph\":[{\"@type\":\"WebPage\",\"@id\":\"https:\/\/www.ponyschule-steinbach.de\/index.php\/datenschutzerklaerung-2\/\",\"url\":\"https:\/\/www.ponyschule-steinbach.de\/index.php\/datenschutzerklaerung-2\/\",\"name\":\"Datenschutzerkl\u00e4rung - TEAM PONYSCHULE - STEINBACH\",\"isPartOf\":{\"@id\":\"https:\/\/www.ponyschule-steinbach.de\/#website\"},\"datePublished\":\"2018-06-11T07:43:01+00:00\",\"dateModified\":\"2018-06-11T07:43:01+00:00\",\"breadcrumb\":{\"@id\":\"https:\/\/www.ponyschule-steinbach.de\/index.php\/datenschutzerklaerung-2\/#breadcrumb\"},\"inLanguage\":\"de\",\"potentialAction\":[{\"@type\":\"ReadAction\",\"target\":[\"https:\/\/www.ponyschule-steinbach.de\/index.php\/datenschutzerklaerung-2\/\"]}]},{\"@type\":\"BreadcrumbList\",\"@id\":\"https:\/\/www.ponyschule-steinbach.de\/index.php\/datenschutzerklaerung-2\/#breadcrumb\",\"itemListElement\":[{\"@type\":\"ListItem\",\"position\":1,\"name\":\"Startseite\",\"item\":\"https:\/\/www.ponyschule-steinbach.de\/\"},{\"@type\":\"ListItem\",\"position\":2,\"name\":\"Datenschutzerkl\u00e4rung\"}]},{\"@type\":\"WebSite\",\"@id\":\"https:\/\/www.ponyschule-steinbach.de\/#website\",\"url\":\"https:\/\/www.ponyschule-steinbach.de\/\",\"name\":\"TEAM PONYSCHULE - STEINBACH\",\"description\":\"Tiererlebnisp\u00e4dagogik mit Ponys und Pferden f\u00fcr Kinder ab 2 Jahren\",\"publisher\":{\"@id\":\"https:\/\/www.ponyschule-steinbach.de\/#organization\"},\"potentialAction\":[{\"@type\":\"SearchAction\",\"target\":{\"@type\":\"EntryPoint\",\"urlTemplate\":\"https:\/\/www.ponyschule-steinbach.de\/?s={search_term_string}\"},\"query-input\":{\"@type\":\"PropertyValueSpecification\",\"valueRequired\":true,\"valueName\":\"search_term_string\"}}],\"inLanguage\":\"de\"},{\"@type\":\"Organization\",\"@id\":\"https:\/\/www.ponyschule-steinbach.de\/#organization\",\"name\":\"TEAM PONYSCHULE - STEINBACH\",\"url\":\"https:\/\/www.ponyschule-steinbach.de\/\",\"logo\":{\"@type\":\"ImageObject\",\"inLanguage\":\"de\",\"@id\":\"https:\/\/www.ponyschule-steinbach.de\/#\/schema\/logo\/image\/\",\"url\":\"https:\/\/www.ponyschule-steinbach.de\/wp-content\/uploads\/2020\/11\/cropped-TeamPonySchule-Steinbach_Logo-2.png\",\"contentUrl\":\"https:\/\/www.ponyschule-steinbach.de\/wp-content\/uploads\/2020\/11\/cropped-TeamPonySchule-Steinbach_Logo-2.png\",\"width\":240,\"height\":247,\"caption\":\"TEAM       PONYSCHULE    -   STEINBACH\"},\"image\":{\"@id\":\"https:\/\/www.ponyschule-steinbach.de\/#\/schema\/logo\/image\/\"}}]}<\/script>\n<!-- \/ Yoast SEO plugin. -->","yoast_head_json":{"title":"Datenschutzerkl\u00e4rung - TEAM PONYSCHULE - STEINBACH","robots":{"index":"index","follow":"follow","max-snippet":"max-snippet:-1","max-image-preview":"max-image-preview:large","max-video-preview":"max-video-preview:-1"},"canonical":"https:\/\/www.ponyschule-steinbach.de\/index.php\/datenschutzerklaerung-2\/","og_locale":"de_DE","og_type":"article","og_title":"Datenschutzerkl\u00e4rung - TEAM PONYSCHULE - STEINBACH","og_description":"Datenschutzerkl\u00e4rung Verantwortliche Stelle im Sinne der Datenschutzgesetze, insbesondere der EU-Datenschutzgrundverordnung (DSGVO), ist: Rebecca Pulverich Zechenweg 2 35708 Haiger Ihre Betroffenenrechte Unter den angegebenen Kontaktdaten unseres Datenschutzbeauftragten k\u00f6nnen Sie jederzeit folgende Rechte aus\u00fcben: Auskunft \u00fcber Ihre bei uns gespeicherten Daten und deren Verarbeitung, Berichtigung unrichtiger personenbezogener Daten, L\u00f6schung Ihrer bei uns gespeicherten Daten, Einschr\u00e4nkung der Datenverarbeitung, &hellip; &#8222;Datenschutzerkl\u00e4rung&#8220; weiterlesen","og_url":"https:\/\/www.ponyschule-steinbach.de\/index.php\/datenschutzerklaerung-2\/","og_site_name":"TEAM PONYSCHULE - STEINBACH","twitter_card":"summary_large_image","twitter_misc":{"Gesch\u00e4tzte Lesezeit":"4\u00a0Minuten"},"schema":{"@context":"https:\/\/schema.org","@graph":[{"@type":"WebPage","@id":"https:\/\/www.ponyschule-steinbach.de\/index.php\/datenschutzerklaerung-2\/","url":"https:\/\/www.ponyschule-steinbach.de\/index.php\/datenschutzerklaerung-2\/","name":"Datenschutzerkl\u00e4rung - TEAM PONYSCHULE - STEINBACH","isPartOf":{"@id":"https:\/\/www.ponyschule-steinbach.de\/#website"},"datePublished":"2018-06-11T07:43:01+00:00","dateModified":"2018-06-11T07:43:01+00:00","breadcrumb":{"@id":"https:\/\/www.ponyschule-steinbach.de\/index.php\/datenschutzerklaerung-2\/#breadcrumb"},"inLanguage":"de","potentialAction":[{"@type":"ReadAction","target":["https:\/\/www.ponyschule-steinbach.de\/index.php\/datenschutzerklaerung-2\/"]}]},{"@type":"BreadcrumbList","@id":"https:\/\/www.ponyschule-steinbach.de\/index.php\/datenschutzerklaerung-2\/#breadcrumb","itemListElement":[{"@type":"ListItem","position":1,"name":"Startseite","item":"https:\/\/www.ponyschule-steinbach.de\/"},{"@type":"ListItem","position":2,"name":"Datenschutzerkl\u00e4rung"}]},{"@type":"WebSite","@id":"https:\/\/www.ponyschule-steinbach.de\/#website","url":"https:\/\/www.ponyschule-steinbach.de\/","name":"TEAM PONYSCHULE - STEINBACH","description":"Tiererlebnisp\u00e4dagogik mit Ponys und Pferden f\u00fcr Kinder ab 2 Jahren","publisher":{"@id":"https:\/\/www.ponyschule-steinbach.de\/#organization"},"potentialAction":[{"@type":"SearchAction","target":{"@type":"EntryPoint","urlTemplate":"https:\/\/www.ponyschule-steinbach.de\/?s={search_term_string}"},"query-input":{"@type":"PropertyValueSpecification","valueRequired":true,"valueName":"search_term_string"}}],"inLanguage":"de"},{"@type":"Organization","@id":"https:\/\/www.ponyschule-steinbach.de\/#organization","name":"TEAM PONYSCHULE - STEINBACH","url":"https:\/\/www.ponyschule-steinbach.de\/","logo":{"@type":"ImageObject","inLanguage":"de","@id":"https:\/\/www.ponyschule-steinbach.de\/#\/schema\/logo\/image\/","url":"https:\/\/www.ponyschule-steinbach.de\/wp-content\/uploads\/2020\/11\/cropped-TeamPonySchule-Steinbach_Logo-2.png","contentUrl":"https:\/\/www.ponyschule-steinbach.de\/wp-content\/uploads\/2020\/11\/cropped-TeamPonySchule-Steinbach_Logo-2.png","width":240,"height":247,"caption":"TEAM       PONYSCHULE    -   STEINBACH"},"image":{"@id":"https:\/\/www.ponyschule-steinbach.de\/#\/schema\/logo\/image\/"}}]}},"_links":{"self":[{"href":"https:\/\/www.ponyschule-steinbach.de\/index.php\/wp-json\/wp\/v2\/pages\/516"}],"collection":[{"href":"https:\/\/www.ponyschule-steinbach.de\/index.php\/wp-json\/wp\/v2\/pages"}],"about":[{"href":"https:\/\/www.ponyschule-steinbach.de\/index.php\/wp-json\/wp\/v2\/types\/page"}],"author":[{"embeddable":true,"href":"https:\/\/www.ponyschule-steinbach.de\/index.php\/wp-json\/wp\/v2\/users\/1"}],"replies":[{"embeddable":true,"href":"https:\/\/www.ponyschule-steinbach.de\/index.php\/wp-json\/wp\/v2\/comments?post=516"}],"version-history":[{"count":0,"href":"https:\/\/www.ponyschule-steinbach.de\/index.php\/wp-json\/wp\/v2\/pages\/516\/revisions"}],"wp:attachment":[{"href":"https:\/\/www.ponyschule-steinbach.de\/index.php\/wp-json\/wp\/v2\/media?parent=516"}],"curies":[{"name":"wp","href":"https:\/\/api.w.org\/{rel}","templated":true}]}}