{"id":203,"date":"2017-02-19T18:37:50","date_gmt":"2017-02-19T17:37:50","guid":{"rendered":"http:\/\/ponyschule-steinbach.de\/wordpress\/?page_id=203"},"modified":"2021-10-25T17:01:29","modified_gmt":"2021-10-25T15:01:29","slug":"termine-veraanstalltungen","status":"publish","type":"page","link":"https:\/\/www.ponyschule-steinbach.de\/index.php\/termine-veraanstalltungen\/","title":{"rendered":"Aktuell"},"content":{"rendered":"<h1 style=\"text-align: center;\"><span class=\"d2edcug0 hpfvmrgz qv66sw1b c1et5uql rrkovp55 a8c37x1j keod5gw0 nxhoafnm aigsh9s9 d3f4x2em fe6kdd0r mau55g9w c8b282yb iv3no6db jq4qci2q a3bd9o3v knj5qynh oo9gr5id hzawbc8m\" dir=\"auto\">Auch wir sind betroffen vom Lockdown <span class=\"pq6dq46d tbxw36s4 knj5qynh kvgmc6g5 ditlmg2l oygrvhab nvdbi5me sf5mxxl7 gl3lb2sf hhz5lgdu\"><img loading=\"lazy\" decoding=\"async\" src=\"https:\/\/static.xx.fbcdn.net\/images\/emoji.php\/v9\/t71\/1\/16\/1f614.png\" alt=\"\ud83d\ude14\" width=\"16\" height=\"16\" \/><\/span><span class=\"pq6dq46d tbxw36s4 knj5qynh kvgmc6g5 ditlmg2l oygrvhab nvdbi5me sf5mxxl7 gl3lb2sf hhz5lgdu\"><img loading=\"lazy\" decoding=\"async\" src=\"https:\/\/static.xx.fbcdn.net\/images\/emoji.php\/v9\/ta3\/1\/16\/1f61f.png\" alt=\"\ud83d\ude1f\" width=\"16\" height=\"16\" \/><\/span> daher m\u00fcssten wir ab November schon komplett schlie\u00dfen. Ich w\u00fcnsche allen Kindern und ihren Familien alles alles Gute! Bleibt gesund und behaltet die Hoffnung!<\/span><\/h1>\n<p><img loading=\"lazy\" decoding=\"async\" class=\"alignright\" src=\"https:\/\/www.ponyschule-steinbach.de\/wp-content\/uploads\/2020\/11\/zeich-2_braunes_Pferd.jpg\" width=\"138\" height=\"138\" \/><\/p>\n<p>Liebe Ponyschuleltern, <br \/>die Ponyschule Steinbach ist ge\u00f6ffent, allerdings m\u00fcssen wir uns auch an die Corona-Vorgaben halten.<\/p>\n<p>Daher bitte immer Mundschutz dabei haben, gerade wenn ihr euer Kind abgebt oder abholt.\u00a0<\/p>\n<p>Achtet auf Abstand.<\/p>\n<p>Alle Kinder und Erwachsene die uns besuchen, bitte H\u00e4nde desinfizieren.<\/p>\n<div class=\"text_exposed_show\">\n<p>Herzliche Gr\u00fc\u00dfe<br \/>Rebecca<\/p>\n<\/div>\n<div class=\"_1dwg _1w_m _q7o\">\n<div>\n<div id=\"js_26r\" class=\"_5pbx userContent _3ds9 _3576\" data-ft=\"{&quot;tn&quot;:&quot;K&quot;}\">\n<h1>Kurse:<\/h1>\n<\/div>\n<\/div>\n<\/div>\n<pre><br \/>Zur Zeit keine Kurse<br \/><br \/><\/pre>\n<h4 style=\"text-align: center;\"><em>Shorty<\/em><\/h4>\n<pre>Ist dir ein 10er Kurs zu viel?Dann bieten wir dir an einen Shorty an. Das sind die laufenden Kurse, aber nur 5 Wochen lang, nicht 10. Damit kannst du super reinschnuppern, und sollte dir Ponyschule so gut gefallen, das du doch alle Wochen dabei sein willst, ist das kein Problem. <\/pre>\n<h5 style=\"text-align: center;\" align=\"RIGHT\">MuKi-Reiten<\/h5>\n<pre>F\u00fcr Kinder ab 2Jahren die gemeinsam mit Mama(Begleitung) zum Reiten kommen. Wir treffen uns am Stall und putzen Kn\u00f6pfchen gemeinsam und machen uns dann in den Wald. Helm, Picknick, Buggy, bitte mitbringen. . Beginn 10.30Uhr  Kosten 10\u20ac bei mind. 4 Muki\u00b4s  <br \/><br \/>Zur Zeit wird kein MuKi Reiten angeboten<br \/><br \/><\/pre>\n<h2 style=\"text-align: center;\"><strong>Workshops:<\/strong><\/h2>\n<pre> \u00a0 Es werden keine Workshops angeboten<\/pre>\n<h5>Elternzeit\u00a0\u00a0\u00a0\u00a0\u00a0\u00a0\u00a0\u00a0\u00a0\u00a0\u00a0\u00a0\u00a0\u00a0\u00a0\u00a0\u00a0\u00a0\u00a0\u00a0\u00a0\u00a0\u00a0\u00a0\u00a0\u00a0\u00a0\u00a0<\/h5>\n<p>Der n\u00e4chste Ausflug in den Freizeitpark ist geplant? Oder Urlaub auf dem Bauernhof?<\/p>\n<p>Und was erwartet Eltern manchmal dort?<\/p>\n<p>Ponyreiten f\u00fcr Kinder und die Eltern sollen das fremde Tier f\u00fchren.<span class=\"text_exposed_show\"><br \/>Aber wenn man das noch nie gemacht hat, kann es einem Sorge bereiten. <\/span><\/p>\n<div class=\"text_exposed_show\">\n<p>In einem Workshop Elternzeit, wollen wir Euch Eltern zeigen,<\/p>\n<p>wie man sicher und erfolgreich ein Pony f\u00fchrt.<\/p>\n<p>(Ohne Kinder) Termin auf Anfrage\u00a0 Einzelstunde:25\u20ac\u00a0 bei mindestens 4 Teilnehmern 10\u20ac pP<\/p>\n<\/div>\n<p><strong><img loading=\"lazy\" decoding=\"async\" class=\"alignright\" src=\"https:\/\/www.ponyschule-steinbach.de\/wp-content\/uploads\/2020\/11\/zeich-2_Zusammen.jpg\" width=\"208\" height=\"148\" \/><\/strong><\/p>\n<p>\u00a0<\/p>\n\n\n<h2 class=\"wp-block-heading\"><\/h2>\n","protected":false},"excerpt":{"rendered":"<p>Auch wir sind betroffen vom Lockdown daher m\u00fcssten wir ab November schon komplett schlie\u00dfen. Ich w\u00fcnsche allen Kindern und ihren Familien alles alles Gute! Bleibt gesund und behaltet die Hoffnung! Liebe Ponyschuleltern, die Ponyschule Steinbach ist ge\u00f6ffent, allerdings m\u00fcssen wir uns auch an die Corona-Vorgaben halten. Daher bitte immer Mundschutz dabei haben, gerade wenn ihr &hellip; <a href=\"https:\/\/www.ponyschule-steinbach.de\/index.php\/termine-veraanstalltungen\/\" class=\"more-link\"><span class=\"screen-reader-text\">&#8222;Aktuell&#8220; <\/span>weiterlesen<\/a><\/p>\n","protected":false},"author":1,"featured_media":0,"parent":0,"menu_order":0,"comment_status":"closed","ping_status":"closed","template":"","meta":{"footnotes":""},"class_list":["post-203","page","type-page","status-publish","hentry"],"yoast_head":"<!-- This site is optimized with the Yoast SEO plugin v23.8 - https:\/\/yoast.com\/wordpress\/plugins\/seo\/ -->\n<title>Aktuell - TEAM PONYSCHULE - STEINBACH<\/title>\n<meta name=\"robots\" content=\"index, follow, max-snippet:-1, max-image-preview:large, max-video-preview:-1\" \/>\n<link rel=\"canonical\" href=\"https:\/\/www.ponyschule-steinbach.de\/index.php\/termine-veraanstalltungen\/\" \/>\n<meta property=\"og:locale\" content=\"de_DE\" \/>\n<meta property=\"og:type\" content=\"article\" \/>\n<meta property=\"og:title\" content=\"Aktuell - TEAM PONYSCHULE - STEINBACH\" \/>\n<meta property=\"og:description\" content=\"Auch wir sind betroffen vom Lockdown daher m\u00fcssten wir ab November schon komplett schlie\u00dfen. Ich w\u00fcnsche allen Kindern und ihren Familien alles alles Gute! Bleibt gesund und behaltet die Hoffnung! Liebe Ponyschuleltern, die Ponyschule Steinbach ist ge\u00f6ffent, allerdings m\u00fcssen wir uns auch an die Corona-Vorgaben halten. Daher bitte immer Mundschutz dabei haben, gerade wenn ihr &hellip; &#8222;Aktuell&#8220; weiterlesen\" \/>\n<meta property=\"og:url\" content=\"https:\/\/www.ponyschule-steinbach.de\/index.php\/termine-veraanstalltungen\/\" \/>\n<meta property=\"og:site_name\" content=\"TEAM PONYSCHULE - STEINBACH\" \/>\n<meta property=\"article:modified_time\" content=\"2021-10-25T15:01:29+00:00\" \/>\n<meta property=\"og:image\" content=\"https:\/\/static.xx.fbcdn.net\/images\/emoji.php\/v9\/t71\/1\/16\/1f614.png\" \/>\n<meta name=\"twitter:card\" content=\"summary_large_image\" \/>\n<meta name=\"twitter:label1\" content=\"Gesch\u00e4tzte Lesezeit\" \/>\n\t<meta name=\"twitter:data1\" content=\"2\u00a0Minuten\" \/>\n<script type=\"application\/ld+json\" class=\"yoast-schema-graph\">{\"@context\":\"https:\/\/schema.org\",\"@graph\":[{\"@type\":\"WebPage\",\"@id\":\"https:\/\/www.ponyschule-steinbach.de\/index.php\/termine-veraanstalltungen\/\",\"url\":\"https:\/\/www.ponyschule-steinbach.de\/index.php\/termine-veraanstalltungen\/\",\"name\":\"Aktuell - TEAM PONYSCHULE - STEINBACH\",\"isPartOf\":{\"@id\":\"https:\/\/www.ponyschule-steinbach.de\/#website\"},\"primaryImageOfPage\":{\"@id\":\"https:\/\/www.ponyschule-steinbach.de\/index.php\/termine-veraanstalltungen\/#primaryimage\"},\"image\":{\"@id\":\"https:\/\/www.ponyschule-steinbach.de\/index.php\/termine-veraanstalltungen\/#primaryimage\"},\"thumbnailUrl\":\"https:\/\/static.xx.fbcdn.net\/images\/emoji.php\/v9\/t71\/1\/16\/1f614.png\",\"datePublished\":\"2017-02-19T17:37:50+00:00\",\"dateModified\":\"2021-10-25T15:01:29+00:00\",\"breadcrumb\":{\"@id\":\"https:\/\/www.ponyschule-steinbach.de\/index.php\/termine-veraanstalltungen\/#breadcrumb\"},\"inLanguage\":\"de\",\"potentialAction\":[{\"@type\":\"ReadAction\",\"target\":[\"https:\/\/www.ponyschule-steinbach.de\/index.php\/termine-veraanstalltungen\/\"]}]},{\"@type\":\"ImageObject\",\"inLanguage\":\"de\",\"@id\":\"https:\/\/www.ponyschule-steinbach.de\/index.php\/termine-veraanstalltungen\/#primaryimage\",\"url\":\"https:\/\/static.xx.fbcdn.net\/images\/emoji.php\/v9\/t71\/1\/16\/1f614.png\",\"contentUrl\":\"https:\/\/static.xx.fbcdn.net\/images\/emoji.php\/v9\/t71\/1\/16\/1f614.png\"},{\"@type\":\"BreadcrumbList\",\"@id\":\"https:\/\/www.ponyschule-steinbach.de\/index.php\/termine-veraanstalltungen\/#breadcrumb\",\"itemListElement\":[{\"@type\":\"ListItem\",\"position\":1,\"name\":\"Startseite\",\"item\":\"https:\/\/www.ponyschule-steinbach.de\/\"},{\"@type\":\"ListItem\",\"position\":2,\"name\":\"Aktuell\"}]},{\"@type\":\"WebSite\",\"@id\":\"https:\/\/www.ponyschule-steinbach.de\/#website\",\"url\":\"https:\/\/www.ponyschule-steinbach.de\/\",\"name\":\"TEAM PONYSCHULE - STEINBACH\",\"description\":\"Tiererlebnisp\u00e4dagogik mit Ponys und Pferden f\u00fcr Kinder ab 2 Jahren\",\"publisher\":{\"@id\":\"https:\/\/www.ponyschule-steinbach.de\/#organization\"},\"potentialAction\":[{\"@type\":\"SearchAction\",\"target\":{\"@type\":\"EntryPoint\",\"urlTemplate\":\"https:\/\/www.ponyschule-steinbach.de\/?s={search_term_string}\"},\"query-input\":{\"@type\":\"PropertyValueSpecification\",\"valueRequired\":true,\"valueName\":\"search_term_string\"}}],\"inLanguage\":\"de\"},{\"@type\":\"Organization\",\"@id\":\"https:\/\/www.ponyschule-steinbach.de\/#organization\",\"name\":\"TEAM PONYSCHULE - STEINBACH\",\"url\":\"https:\/\/www.ponyschule-steinbach.de\/\",\"logo\":{\"@type\":\"ImageObject\",\"inLanguage\":\"de\",\"@id\":\"https:\/\/www.ponyschule-steinbach.de\/#\/schema\/logo\/image\/\",\"url\":\"https:\/\/www.ponyschule-steinbach.de\/wp-content\/uploads\/2020\/11\/cropped-TeamPonySchule-Steinbach_Logo-2.png\",\"contentUrl\":\"https:\/\/www.ponyschule-steinbach.de\/wp-content\/uploads\/2020\/11\/cropped-TeamPonySchule-Steinbach_Logo-2.png\",\"width\":240,\"height\":247,\"caption\":\"TEAM       PONYSCHULE    -   STEINBACH\"},\"image\":{\"@id\":\"https:\/\/www.ponyschule-steinbach.de\/#\/schema\/logo\/image\/\"}}]}<\/script>\n<!-- \/ Yoast SEO plugin. -->","yoast_head_json":{"title":"Aktuell - TEAM PONYSCHULE - STEINBACH","robots":{"index":"index","follow":"follow","max-snippet":"max-snippet:-1","max-image-preview":"max-image-preview:large","max-video-preview":"max-video-preview:-1"},"canonical":"https:\/\/www.ponyschule-steinbach.de\/index.php\/termine-veraanstalltungen\/","og_locale":"de_DE","og_type":"article","og_title":"Aktuell - TEAM PONYSCHULE - STEINBACH","og_description":"Auch wir sind betroffen vom Lockdown daher m\u00fcssten wir ab November schon komplett schlie\u00dfen. Ich w\u00fcnsche allen Kindern und ihren Familien alles alles Gute! Bleibt gesund und behaltet die Hoffnung! Liebe Ponyschuleltern, die Ponyschule Steinbach ist ge\u00f6ffent, allerdings m\u00fcssen wir uns auch an die Corona-Vorgaben halten. Daher bitte immer Mundschutz dabei haben, gerade wenn ihr &hellip; &#8222;Aktuell&#8220; weiterlesen","og_url":"https:\/\/www.ponyschule-steinbach.de\/index.php\/termine-veraanstalltungen\/","og_site_name":"TEAM PONYSCHULE - STEINBACH","article_modified_time":"2021-10-25T15:01:29+00:00","og_image":[{"url":"https:\/\/static.xx.fbcdn.net\/images\/emoji.php\/v9\/t71\/1\/16\/1f614.png"}],"twitter_card":"summary_large_image","twitter_misc":{"Gesch\u00e4tzte Lesezeit":"2\u00a0Minuten"},"schema":{"@context":"https:\/\/schema.org","@graph":[{"@type":"WebPage","@id":"https:\/\/www.ponyschule-steinbach.de\/index.php\/termine-veraanstalltungen\/","url":"https:\/\/www.ponyschule-steinbach.de\/index.php\/termine-veraanstalltungen\/","name":"Aktuell - TEAM PONYSCHULE - STEINBACH","isPartOf":{"@id":"https:\/\/www.ponyschule-steinbach.de\/#website"},"primaryImageOfPage":{"@id":"https:\/\/www.ponyschule-steinbach.de\/index.php\/termine-veraanstalltungen\/#primaryimage"},"image":{"@id":"https:\/\/www.ponyschule-steinbach.de\/index.php\/termine-veraanstalltungen\/#primaryimage"},"thumbnailUrl":"https:\/\/static.xx.fbcdn.net\/images\/emoji.php\/v9\/t71\/1\/16\/1f614.png","datePublished":"2017-02-19T17:37:50+00:00","dateModified":"2021-10-25T15:01:29+00:00","breadcrumb":{"@id":"https:\/\/www.ponyschule-steinbach.de\/index.php\/termine-veraanstalltungen\/#breadcrumb"},"inLanguage":"de","potentialAction":[{"@type":"ReadAction","target":["https:\/\/www.ponyschule-steinbach.de\/index.php\/termine-veraanstalltungen\/"]}]},{"@type":"ImageObject","inLanguage":"de","@id":"https:\/\/www.ponyschule-steinbach.de\/index.php\/termine-veraanstalltungen\/#primaryimage","url":"https:\/\/static.xx.fbcdn.net\/images\/emoji.php\/v9\/t71\/1\/16\/1f614.png","contentUrl":"https:\/\/static.xx.fbcdn.net\/images\/emoji.php\/v9\/t71\/1\/16\/1f614.png"},{"@type":"BreadcrumbList","@id":"https:\/\/www.ponyschule-steinbach.de\/index.php\/termine-veraanstalltungen\/#breadcrumb","itemListElement":[{"@type":"ListItem","position":1,"name":"Startseite","item":"https:\/\/www.ponyschule-steinbach.de\/"},{"@type":"ListItem","position":2,"name":"Aktuell"}]},{"@type":"WebSite","@id":"https:\/\/www.ponyschule-steinbach.de\/#website","url":"https:\/\/www.ponyschule-steinbach.de\/","name":"TEAM PONYSCHULE - STEINBACH","description":"Tiererlebnisp\u00e4dagogik mit Ponys und Pferden f\u00fcr Kinder ab 2 Jahren","publisher":{"@id":"https:\/\/www.ponyschule-steinbach.de\/#organization"},"potentialAction":[{"@type":"SearchAction","target":{"@type":"EntryPoint","urlTemplate":"https:\/\/www.ponyschule-steinbach.de\/?s={search_term_string}"},"query-input":{"@type":"PropertyValueSpecification","valueRequired":true,"valueName":"search_term_string"}}],"inLanguage":"de"},{"@type":"Organization","@id":"https:\/\/www.ponyschule-steinbach.de\/#organization","name":"TEAM PONYSCHULE - STEINBACH","url":"https:\/\/www.ponyschule-steinbach.de\/","logo":{"@type":"ImageObject","inLanguage":"de","@id":"https:\/\/www.ponyschule-steinbach.de\/#\/schema\/logo\/image\/","url":"https:\/\/www.ponyschule-steinbach.de\/wp-content\/uploads\/2020\/11\/cropped-TeamPonySchule-Steinbach_Logo-2.png","contentUrl":"https:\/\/www.ponyschule-steinbach.de\/wp-content\/uploads\/2020\/11\/cropped-TeamPonySchule-Steinbach_Logo-2.png","width":240,"height":247,"caption":"TEAM       PONYSCHULE    -   STEINBACH"},"image":{"@id":"https:\/\/www.ponyschule-steinbach.de\/#\/schema\/logo\/image\/"}}]}},"_links":{"self":[{"href":"https:\/\/www.ponyschule-steinbach.de\/index.php\/wp-json\/wp\/v2\/pages\/203"}],"collection":[{"href":"https:\/\/www.ponyschule-steinbach.de\/index.php\/wp-json\/wp\/v2\/pages"}],"about":[{"href":"https:\/\/www.ponyschule-steinbach.de\/index.php\/wp-json\/wp\/v2\/types\/page"}],"author":[{"embeddable":true,"href":"https:\/\/www.ponyschule-steinbach.de\/index.php\/wp-json\/wp\/v2\/users\/1"}],"replies":[{"embeddable":true,"href":"https:\/\/www.ponyschule-steinbach.de\/index.php\/wp-json\/wp\/v2\/comments?post=203"}],"version-history":[{"count":8,"href":"https:\/\/www.ponyschule-steinbach.de\/index.php\/wp-json\/wp\/v2\/pages\/203\/revisions"}],"predecessor-version":[{"id":2800,"href":"https:\/\/www.ponyschule-steinbach.de\/index.php\/wp-json\/wp\/v2\/pages\/203\/revisions\/2800"}],"wp:attachment":[{"href":"https:\/\/www.ponyschule-steinbach.de\/index.php\/wp-json\/wp\/v2\/media?parent=203"}],"curies":[{"name":"wp","href":"https:\/\/api.w.org\/{rel}","templated":true}]}}