{"id":15,"date":"2017-02-10T12:04:05","date_gmt":"2017-02-10T12:04:05","guid":{"rendered":"http:\/\/ponyschule-steinbach.de\/wordpress\/?page_id=15"},"modified":"2020-11-28T00:58:23","modified_gmt":"2020-11-27T23:58:23","slug":"concept","status":"publish","type":"page","link":"https:\/\/www.ponyschule-steinbach.de\/index.php\/concept\/","title":{"rendered":"Concept"},"content":{"rendered":"<div class=\"items-leading clearfix\">\n<div class=\"leading-0\">\n<p><img loading=\"lazy\" decoding=\"async\" class=\"aligncenter\" src=\"https:\/\/www.ponyschule-steinbach.de\/wp-content\/uploads\/2020\/11\/TeamPonyConcept_rgb_2013_300dpi.jpg\" width=\"416\" height=\"194\"><\/p>\n<h3 class=\"western\">Was leitet uns?<\/h3>\n<ul>\n<li>die kindliche Tierliebe, der angstfreie Zugang der Kinder zu gro\u00dfen Tieren<\/li>\n<li>ein naturverbundenes und liebevolles Umfeld f\u00fcr Kinder und Pferde zu bieten<\/li>\n<li>ein Bewusstsein f\u00fcr Tiere und deren Bed\u00fcrfnisse zu f\u00f6rdern<\/li>\n<li>eine Alternative zu klassischen Reitschulen darzustellen, unabh\u00e4ngig von den Leistungsanspr\u00fcchen \u201ereiten zu lernen\u201c<\/li>\n<\/ul>\n<p>&nbsp;<\/p>\n<h3 class=\"western\">Wie arbeiten wir?<\/h3>\n<ul>\n<li>Gruppenkonzept, Kleingruppenarbeit<\/li>\n<li>Gruppenaktivit\u00e4t durch bewegungsorientierte, entwicklungsf\u00f6rdernde Praxis mit den Ponys<\/li>\n<li>kindgerecht, altersgerecht, sicherheitsorientiert -phantasievolle Anregungen,hohe Spielmotivation und Freude an einer spannenden Unterrichtsgestaltung<\/li>\n<li>mit kinderlieben, gut ausgebildeten Pferden und Ponys<\/li>\n<li>\u201epferdeschonend\u201c, durch abwechslungsreiche Belastung werden unsere Ponys geschont und in ihrer Mitarbeit motiviert&nbsp;&nbsp;&nbsp; <img loading=\"lazy\" decoding=\"async\" class=\"alignright\" src=\"https:\/\/www.ponyschule-steinbach.de\/wp-content\/uploads\/2020\/11\/zeich-2_graues_Pferd.jpg\" width=\"148\" height=\"163\"><\/li>\n<\/ul>\n<h3 class=\"western\">Was f\u00f6rdern wir?<\/h3>\n<ul>\n<li>Grundlagenarbeit und Basiswissen im Umgang mit Pferden &#8211; Pflege, Pferdesprache, F\u00fchren, Bed\u00fcrfnisse, Verhaltensregeln und mehr, mit dem Ziel eines selbst\u00e4ndigen und verantwortlichen Umgangs mit Pferden<\/li>\n<li>Reitergymnastik am Boden und Sitzkorrektur auf dem Pferd schulen die aufrechte K\u00f6rperhaltung und Gesamtk\u00f6rperkoordination<\/li>\n<li>vielf\u00e4ltige Lernfelder in der kindlichen Entwicklung:Sinneserfahrungen, K\u00f6rpererfahrungen, Selbst &#8211; und Sozial-Kompetenzen<\/li>\n<li>die Gesamtpers\u00f6nlichkeit der Kinder, wissenschaftlich begr\u00fcndete Theorien best\u00e4tigen den wertvollen p\u00e4dagogischen Beitrag in der psychosozialen Entwicklung , Kommunikation und Interaktion<\/li>\n<\/ul>\n<p><img loading=\"lazy\" decoding=\"async\" class=\"\" src=\"https:\/\/www.ponyschule-steinbach.de\/wp-content\/uploads\/2020\/11\/zeich-2_braunes_Pferd.jpg\" width=\"161\" height=\"161\"><\/p>\n<\/div>\n<\/div>\n","protected":false},"excerpt":{"rendered":"<p>Was leitet uns? die kindliche Tierliebe, der angstfreie Zugang der Kinder zu gro\u00dfen Tieren ein naturverbundenes und liebevolles Umfeld f\u00fcr Kinder und Pferde zu bieten ein Bewusstsein f\u00fcr Tiere und deren Bed\u00fcrfnisse zu f\u00f6rdern eine Alternative zu klassischen Reitschulen darzustellen, unabh\u00e4ngig von den Leistungsanspr\u00fcchen \u201ereiten zu lernen\u201c &nbsp; Wie arbeiten wir? Gruppenkonzept, Kleingruppenarbeit Gruppenaktivit\u00e4t durch &hellip; <a href=\"https:\/\/www.ponyschule-steinbach.de\/index.php\/concept\/\" class=\"more-link\"><span class=\"screen-reader-text\">&#8222;Concept&#8220; <\/span>weiterlesen<\/a><\/p>\n","protected":false},"author":1,"featured_media":0,"parent":0,"menu_order":0,"comment_status":"closed","ping_status":"closed","template":"","meta":{"footnotes":""},"class_list":["post-15","page","type-page","status-publish","hentry"],"yoast_head":"<!-- This site is optimized with the Yoast SEO plugin v23.8 - https:\/\/yoast.com\/wordpress\/plugins\/seo\/ -->\n<title>Concept - TEAM PONYSCHULE - STEINBACH<\/title>\n<meta name=\"robots\" content=\"index, follow, max-snippet:-1, max-image-preview:large, max-video-preview:-1\" \/>\n<link rel=\"canonical\" href=\"https:\/\/www.ponyschule-steinbach.de\/index.php\/concept\/\" \/>\n<meta property=\"og:locale\" content=\"de_DE\" \/>\n<meta property=\"og:type\" content=\"article\" \/>\n<meta property=\"og:title\" content=\"Concept - TEAM PONYSCHULE - STEINBACH\" \/>\n<meta property=\"og:description\" content=\"Was leitet uns? die kindliche Tierliebe, der angstfreie Zugang der Kinder zu gro\u00dfen Tieren ein naturverbundenes und liebevolles Umfeld f\u00fcr Kinder und Pferde zu bieten ein Bewusstsein f\u00fcr Tiere und deren Bed\u00fcrfnisse zu f\u00f6rdern eine Alternative zu klassischen Reitschulen darzustellen, unabh\u00e4ngig von den Leistungsanspr\u00fcchen \u201ereiten zu lernen\u201c &nbsp; Wie arbeiten wir? Gruppenkonzept, Kleingruppenarbeit Gruppenaktivit\u00e4t durch &hellip; &#8222;Concept&#8220; weiterlesen\" \/>\n<meta property=\"og:url\" content=\"https:\/\/www.ponyschule-steinbach.de\/index.php\/concept\/\" \/>\n<meta property=\"og:site_name\" content=\"TEAM PONYSCHULE - STEINBACH\" \/>\n<meta property=\"article:modified_time\" content=\"2020-11-27T23:58:23+00:00\" \/>\n<meta property=\"og:image\" content=\"https:\/\/www.ponyschule-steinbach.de\/wp-content\/uploads\/2020\/11\/TeamPonyConcept_rgb_2013_300dpi.jpg\" \/>\n<meta name=\"twitter:card\" content=\"summary_large_image\" \/>\n<meta name=\"twitter:label1\" content=\"Gesch\u00e4tzte Lesezeit\" \/>\n\t<meta name=\"twitter:data1\" content=\"1\u00a0Minute\" \/>\n<script type=\"application\/ld+json\" class=\"yoast-schema-graph\">{\"@context\":\"https:\/\/schema.org\",\"@graph\":[{\"@type\":\"WebPage\",\"@id\":\"https:\/\/www.ponyschule-steinbach.de\/index.php\/concept\/\",\"url\":\"https:\/\/www.ponyschule-steinbach.de\/index.php\/concept\/\",\"name\":\"Concept - TEAM PONYSCHULE - STEINBACH\",\"isPartOf\":{\"@id\":\"https:\/\/www.ponyschule-steinbach.de\/#website\"},\"primaryImageOfPage\":{\"@id\":\"https:\/\/www.ponyschule-steinbach.de\/index.php\/concept\/#primaryimage\"},\"image\":{\"@id\":\"https:\/\/www.ponyschule-steinbach.de\/index.php\/concept\/#primaryimage\"},\"thumbnailUrl\":\"https:\/\/www.ponyschule-steinbach.de\/wp-content\/uploads\/2020\/11\/TeamPonyConcept_rgb_2013_300dpi.jpg\",\"datePublished\":\"2017-02-10T12:04:05+00:00\",\"dateModified\":\"2020-11-27T23:58:23+00:00\",\"breadcrumb\":{\"@id\":\"https:\/\/www.ponyschule-steinbach.de\/index.php\/concept\/#breadcrumb\"},\"inLanguage\":\"de\",\"potentialAction\":[{\"@type\":\"ReadAction\",\"target\":[\"https:\/\/www.ponyschule-steinbach.de\/index.php\/concept\/\"]}]},{\"@type\":\"ImageObject\",\"inLanguage\":\"de\",\"@id\":\"https:\/\/www.ponyschule-steinbach.de\/index.php\/concept\/#primaryimage\",\"url\":\"https:\/\/www.ponyschule-steinbach.de\/wp-content\/uploads\/2020\/11\/TeamPonyConcept_rgb_2013_300dpi.jpg\",\"contentUrl\":\"https:\/\/www.ponyschule-steinbach.de\/wp-content\/uploads\/2020\/11\/TeamPonyConcept_rgb_2013_300dpi.jpg\",\"width\":1202,\"height\":561},{\"@type\":\"BreadcrumbList\",\"@id\":\"https:\/\/www.ponyschule-steinbach.de\/index.php\/concept\/#breadcrumb\",\"itemListElement\":[{\"@type\":\"ListItem\",\"position\":1,\"name\":\"Startseite\",\"item\":\"https:\/\/www.ponyschule-steinbach.de\/\"},{\"@type\":\"ListItem\",\"position\":2,\"name\":\"Concept\"}]},{\"@type\":\"WebSite\",\"@id\":\"https:\/\/www.ponyschule-steinbach.de\/#website\",\"url\":\"https:\/\/www.ponyschule-steinbach.de\/\",\"name\":\"TEAM PONYSCHULE - STEINBACH\",\"description\":\"Tiererlebnisp\u00e4dagogik mit Ponys und Pferden f\u00fcr Kinder ab 2 Jahren\",\"publisher\":{\"@id\":\"https:\/\/www.ponyschule-steinbach.de\/#organization\"},\"potentialAction\":[{\"@type\":\"SearchAction\",\"target\":{\"@type\":\"EntryPoint\",\"urlTemplate\":\"https:\/\/www.ponyschule-steinbach.de\/?s={search_term_string}\"},\"query-input\":{\"@type\":\"PropertyValueSpecification\",\"valueRequired\":true,\"valueName\":\"search_term_string\"}}],\"inLanguage\":\"de\"},{\"@type\":\"Organization\",\"@id\":\"https:\/\/www.ponyschule-steinbach.de\/#organization\",\"name\":\"TEAM PONYSCHULE - STEINBACH\",\"url\":\"https:\/\/www.ponyschule-steinbach.de\/\",\"logo\":{\"@type\":\"ImageObject\",\"inLanguage\":\"de\",\"@id\":\"https:\/\/www.ponyschule-steinbach.de\/#\/schema\/logo\/image\/\",\"url\":\"https:\/\/www.ponyschule-steinbach.de\/wp-content\/uploads\/2020\/11\/cropped-TeamPonySchule-Steinbach_Logo-2.png\",\"contentUrl\":\"https:\/\/www.ponyschule-steinbach.de\/wp-content\/uploads\/2020\/11\/cropped-TeamPonySchule-Steinbach_Logo-2.png\",\"width\":240,\"height\":247,\"caption\":\"TEAM       PONYSCHULE    -   STEINBACH\"},\"image\":{\"@id\":\"https:\/\/www.ponyschule-steinbach.de\/#\/schema\/logo\/image\/\"}}]}<\/script>\n<!-- \/ Yoast SEO plugin. -->","yoast_head_json":{"title":"Concept - TEAM PONYSCHULE - STEINBACH","robots":{"index":"index","follow":"follow","max-snippet":"max-snippet:-1","max-image-preview":"max-image-preview:large","max-video-preview":"max-video-preview:-1"},"canonical":"https:\/\/www.ponyschule-steinbach.de\/index.php\/concept\/","og_locale":"de_DE","og_type":"article","og_title":"Concept - TEAM PONYSCHULE - STEINBACH","og_description":"Was leitet uns? die kindliche Tierliebe, der angstfreie Zugang der Kinder zu gro\u00dfen Tieren ein naturverbundenes und liebevolles Umfeld f\u00fcr Kinder und Pferde zu bieten ein Bewusstsein f\u00fcr Tiere und deren Bed\u00fcrfnisse zu f\u00f6rdern eine Alternative zu klassischen Reitschulen darzustellen, unabh\u00e4ngig von den Leistungsanspr\u00fcchen \u201ereiten zu lernen\u201c &nbsp; Wie arbeiten wir? Gruppenkonzept, Kleingruppenarbeit Gruppenaktivit\u00e4t durch &hellip; &#8222;Concept&#8220; weiterlesen","og_url":"https:\/\/www.ponyschule-steinbach.de\/index.php\/concept\/","og_site_name":"TEAM PONYSCHULE - STEINBACH","article_modified_time":"2020-11-27T23:58:23+00:00","og_image":[{"url":"https:\/\/www.ponyschule-steinbach.de\/wp-content\/uploads\/2020\/11\/TeamPonyConcept_rgb_2013_300dpi.jpg"}],"twitter_card":"summary_large_image","twitter_misc":{"Gesch\u00e4tzte Lesezeit":"1\u00a0Minute"},"schema":{"@context":"https:\/\/schema.org","@graph":[{"@type":"WebPage","@id":"https:\/\/www.ponyschule-steinbach.de\/index.php\/concept\/","url":"https:\/\/www.ponyschule-steinbach.de\/index.php\/concept\/","name":"Concept - TEAM PONYSCHULE - STEINBACH","isPartOf":{"@id":"https:\/\/www.ponyschule-steinbach.de\/#website"},"primaryImageOfPage":{"@id":"https:\/\/www.ponyschule-steinbach.de\/index.php\/concept\/#primaryimage"},"image":{"@id":"https:\/\/www.ponyschule-steinbach.de\/index.php\/concept\/#primaryimage"},"thumbnailUrl":"https:\/\/www.ponyschule-steinbach.de\/wp-content\/uploads\/2020\/11\/TeamPonyConcept_rgb_2013_300dpi.jpg","datePublished":"2017-02-10T12:04:05+00:00","dateModified":"2020-11-27T23:58:23+00:00","breadcrumb":{"@id":"https:\/\/www.ponyschule-steinbach.de\/index.php\/concept\/#breadcrumb"},"inLanguage":"de","potentialAction":[{"@type":"ReadAction","target":["https:\/\/www.ponyschule-steinbach.de\/index.php\/concept\/"]}]},{"@type":"ImageObject","inLanguage":"de","@id":"https:\/\/www.ponyschule-steinbach.de\/index.php\/concept\/#primaryimage","url":"https:\/\/www.ponyschule-steinbach.de\/wp-content\/uploads\/2020\/11\/TeamPonyConcept_rgb_2013_300dpi.jpg","contentUrl":"https:\/\/www.ponyschule-steinbach.de\/wp-content\/uploads\/2020\/11\/TeamPonyConcept_rgb_2013_300dpi.jpg","width":1202,"height":561},{"@type":"BreadcrumbList","@id":"https:\/\/www.ponyschule-steinbach.de\/index.php\/concept\/#breadcrumb","itemListElement":[{"@type":"ListItem","position":1,"name":"Startseite","item":"https:\/\/www.ponyschule-steinbach.de\/"},{"@type":"ListItem","position":2,"name":"Concept"}]},{"@type":"WebSite","@id":"https:\/\/www.ponyschule-steinbach.de\/#website","url":"https:\/\/www.ponyschule-steinbach.de\/","name":"TEAM PONYSCHULE - STEINBACH","description":"Tiererlebnisp\u00e4dagogik mit Ponys und Pferden f\u00fcr Kinder ab 2 Jahren","publisher":{"@id":"https:\/\/www.ponyschule-steinbach.de\/#organization"},"potentialAction":[{"@type":"SearchAction","target":{"@type":"EntryPoint","urlTemplate":"https:\/\/www.ponyschule-steinbach.de\/?s={search_term_string}"},"query-input":{"@type":"PropertyValueSpecification","valueRequired":true,"valueName":"search_term_string"}}],"inLanguage":"de"},{"@type":"Organization","@id":"https:\/\/www.ponyschule-steinbach.de\/#organization","name":"TEAM PONYSCHULE - STEINBACH","url":"https:\/\/www.ponyschule-steinbach.de\/","logo":{"@type":"ImageObject","inLanguage":"de","@id":"https:\/\/www.ponyschule-steinbach.de\/#\/schema\/logo\/image\/","url":"https:\/\/www.ponyschule-steinbach.de\/wp-content\/uploads\/2020\/11\/cropped-TeamPonySchule-Steinbach_Logo-2.png","contentUrl":"https:\/\/www.ponyschule-steinbach.de\/wp-content\/uploads\/2020\/11\/cropped-TeamPonySchule-Steinbach_Logo-2.png","width":240,"height":247,"caption":"TEAM       PONYSCHULE    -   STEINBACH"},"image":{"@id":"https:\/\/www.ponyschule-steinbach.de\/#\/schema\/logo\/image\/"}}]}},"_links":{"self":[{"href":"https:\/\/www.ponyschule-steinbach.de\/index.php\/wp-json\/wp\/v2\/pages\/15"}],"collection":[{"href":"https:\/\/www.ponyschule-steinbach.de\/index.php\/wp-json\/wp\/v2\/pages"}],"about":[{"href":"https:\/\/www.ponyschule-steinbach.de\/index.php\/wp-json\/wp\/v2\/types\/page"}],"author":[{"embeddable":true,"href":"https:\/\/www.ponyschule-steinbach.de\/index.php\/wp-json\/wp\/v2\/users\/1"}],"replies":[{"embeddable":true,"href":"https:\/\/www.ponyschule-steinbach.de\/index.php\/wp-json\/wp\/v2\/comments?post=15"}],"version-history":[{"count":1,"href":"https:\/\/www.ponyschule-steinbach.de\/index.php\/wp-json\/wp\/v2\/pages\/15\/revisions"}],"predecessor-version":[{"id":2699,"href":"https:\/\/www.ponyschule-steinbach.de\/index.php\/wp-json\/wp\/v2\/pages\/15\/revisions\/2699"}],"wp:attachment":[{"href":"https:\/\/www.ponyschule-steinbach.de\/index.php\/wp-json\/wp\/v2\/media?parent=15"}],"curies":[{"name":"wp","href":"https:\/\/api.w.org\/{rel}","templated":true}]}}