{"id":1247,"date":"2020-03-11T17:38:44","date_gmt":"2020-03-11T15:38:44","guid":{"rendered":"https:\/\/ponyschule-steinbach.de\/wordpress\/?page_id=1247"},"modified":"2020-11-28T01:01:52","modified_gmt":"2020-11-28T00:01:52","slug":"infos","status":"publish","type":"page","link":"https:\/\/www.ponyschule-steinbach.de\/index.php\/infos\/","title":{"rendered":"Infos"},"content":{"rendered":"\n<h2 class=\"wp-block-heading\"><\/h2>\n\n\n\n<div class=\"wp-block-image\"><figure class=\"alignright size-large\"><img loading=\"lazy\" decoding=\"async\" width=\"300\" height=\"213\" src=\"https:\/\/www.ponyschule-steinbach.de\/wp-content\/uploads\/2020\/11\/zeich-2_Zusammen-300x213-1.jpg\" alt=\"\" class=\"wp-image-1597\"\/><\/figure><\/div>\n\n\n\n<p><strong>Was ist Pony Schule:<\/strong><\/p>\n\n\n\n<p>Die Ponyschule ist keine Reitschule, sondern vielmehr ein Begegnungsort von Mensch und Tier. In der Ponyschule geht es weniger darum, den Kindern Reiten beizubringen, sondern, den Kindern Zugang zu diesen tollen Tieren zu erm\u00f6glichen. Durch den Umgang mit den Ponys und Pferden wird das Bewu\u00dftstein f\u00fcr Tiere und ihre Bed\u00fcrfnisse gef\u00f6rdert. Und das gesamte \u201eSein\u201c der Kinder gefordert und gef\u00f6rdert ohne Leistungsdruck. Spielerisch erlernen die Kinder die Grundkenntnisse im Umgang mit den Pferden. Das \u201eReiten lernen\u201c ist bei uns nur Beiwerk. Dabei arbeite ich nach dem tiererlebnisp\u00e4dagogischen Ansatz: Team <a href=\"https:\/\/www.teamponyconcept.de\/\">Pony-Concept<\/a><\/p>\n\n\n\n<p><em><strong>Pferde schauen genau dahin, wo wir Menschen es verlernt haben hin zuschauen, ins Herz!<\/strong><\/em><\/p>\n\n\n\n<p><strong>Ganzheitliche F\u00f6rderung:<\/strong><\/p>\n\n\n\n<p>Grundlagenarbeit und Basiswissen im Umgang mit Pferden &#8211; Pflege, F\u00fchren, Pferdesprache, Bed\u00fcrfnisse, Verhaltensregeln und mehr &#8211; mit dem Ziel eines selbst\u00e4ndigen und verantwortlichen Umgangs mit ihnen. Reitergymnastik am Boden und Sitzkorrektur auf dem Pferd, Schulung der aufrechten K\u00f6rperhaltung und der Gesamtk\u00f6rperkoordination.&nbsp; Sinneserfahrungen, K\u00f6rpererfahrungen, Selbst- und Sozialkompetenzen, Empatie. Gruppenarbeiten, die die Interaktion der Kinder st\u00e4rkt. Das Bewusstsein f\u00fcr die Tiere und ihre Bed\u00fcrfnisse.<\/p>\n\n\n\n<p>Umfassende Gesundheitsf\u00f6rderung _ Reiten bewegt_Reiten entspannt_ K\u00f6rper, Seele und Geist.<\/p>\n\n\n\n<p><strong>Was wird gebraucht:<\/strong><\/p>\n\n\n\n<p>Die Sicherheit ist mir sehr wichtig, darum ist ein Reithelm unerl\u00e4sslich. Helme k\u00f6nnen bei mir geliehen werden, aus hygienischen Gr\u00fcnden empfehle ich aber die Anschaffung eines eigenen Reithelms. Ich empfehle den \u201eNori\u201c Reithelm vom Casco der ist f\u00fcrs Reiten und Fahrrad zugelassen. Reithose und Reitstiefel sind nicht n\u00f6tig, die Kinder m\u00fcssen aber feste und geschlossene Schuhe tragen. Gummistiefel sind nicht immer die beste Wahl, da sie oft beim Laufen st\u00f6ren oder beim Reiten runterrutschen. Ansonsten, dem Wetter entsprechende Kleidung, die alles mitmacht und in der man sich gut bewegen kann. Was auch sehr wichtig ist, das ihre Kinder keine offenen Haare tragen und auch sonst nichts tragen was runter h\u00e4ngen kann, wie Ketten oder Schal. Die Kinder k\u00f6nnen leicht h\u00e4ngen bleiben und sich verletzten. Daher bitte Haare zusammen binden, keinen Schmuck und Schal in die Jacke richtig feststecken. Hosen sollten Bewegung zulassen, wenn diese zu eng ist, schaut der Po raus und die Beinbewegung ist eingeschr\u00e4nkt.<\/p>\n\n\n\n<p><strong>Bitte beachten:<\/strong><\/p>\n\n\n\n<p>Au\u00dfer in der MuKi ist die Ponyschule<strong> elternfreie Zone<\/strong>, die Kinder werden am Tor von mir empfangen und dort am Ende der Stunde wieder abgegeben. Kindern f\u00e4llt das Abl\u00f6sen von den Eltern so in der Regel leichter. Ausfallzeiten ihrerseits k\u00f6nnen nicht zur\u00fcckerstattet werden. M\u00f6chten Sie ein Gespr\u00e4ch mit mir, bitte, einen Termin machen. So zwischen T\u00fcr und Angel ist leider wenig Zeit, wertvolle Zeit die den Kindern verloren geht.<\/p>\n\n\n\n<h5 class=\"wp-block-heading\"><strong>Und wenn doch etwas passiert?<\/strong><\/h5>\n\n\n\n<p>Unsere Ponys sind ruhige, ausgeglichene Pers\u00f6nlichkeiten, die die Arbeit mit&nbsp; Kindern gew\u00f6hnt sind. Aus rechtlichen Gr\u00fcnden m\u00fcssen wir aber darauf hinweisen, dass Ponys Tiere sind. Es ist daher&nbsp;m\u00f6glich, dass diese zwicken, bei\u00dfen, treten oder sich auf einen&nbsp;Fu\u00df stellen. Beim Reiten ist es m\u00f6glich herunterzufallen.&nbsp;Daher hat jedes unserer Ponys auch&nbsp;eine Schulpferde-Haftpflichtversicherung. Die Kinder sind w\u00e4hrend des Kurses gegen Sch\u00e4den, die durch das Pony verursacht werden, versichert. Trotzdem ist es ratsam, zus\u00e4tzlich eine private Unfallversicherung abzuschlie\u00dfen.<\/p>\n\n\n\n<p>Der komplette Preis wird im<strong> voraus<\/strong> bezahlt auf das Konto:<\/p>\n\n\n\n<div class=\"wp-block-image\"><figure class=\"alignright size-large\"><img loading=\"lazy\" decoding=\"async\" width=\"272\" height=\"300\" src=\"https:\/\/www.ponyschule-steinbach.de\/wp-content\/uploads\/2020\/11\/zeich-2_graues_Pferd-272x300-1.jpg\" alt=\"\" class=\"wp-image-1591\"\/><\/figure><\/div>\n\n\n\n<p>Rebecca Pulverich<br>IBAN DE21 5176 2434 0024 0589 21<br>BIC: GENODE51BIK<br>Verwendungszweck: Pony Schule, Name des Kindes, Gruppen Namen<\/p>\n\n\n\n<p><strong>Die Anmeldung wird erst mit der Bezahlung g\u00fcltig<\/strong>.<\/p>\n\n\n\n<p>Die Kurse sind fortlaufend und aufeinander aufbauend. Wenn Ihre Kinder aus den Kursen herausgewachsen sind, sprechen sie uns an, dann k\u00f6nnen wir gerne \u00fcber die reiterliche Weiterbildung reden und entsprechende Reitlehrer empfehlen.<\/p>\n\n\n\n<p><strong>Das zweite Geschwisterkind bekommt einen Rabatt von 20%<\/strong> wenn Beide angemeldet werden, in der Pony Schule. (Dh. Das erste Kind bezahlt den vollen Kursbeitrag und die oder das Geschwisterkind 20% weniger.<\/p>\n\n\n\n<p><\/p>\n","protected":false},"excerpt":{"rendered":"<p>Was ist Pony Schule: Die Ponyschule ist keine Reitschule, sondern vielmehr ein Begegnungsort von Mensch und Tier. In der Ponyschule geht es weniger darum, den Kindern Reiten beizubringen, sondern, den Kindern Zugang zu diesen tollen Tieren zu erm\u00f6glichen. Durch den Umgang mit den Ponys und Pferden wird das Bewu\u00dftstein f\u00fcr Tiere und ihre Bed\u00fcrfnisse gef\u00f6rdert. &hellip; <a href=\"https:\/\/www.ponyschule-steinbach.de\/index.php\/infos\/\" class=\"more-link\"><span class=\"screen-reader-text\">&#8222;Infos&#8220; <\/span>weiterlesen<\/a><\/p>\n","protected":false},"author":2,"featured_media":0,"parent":0,"menu_order":0,"comment_status":"closed","ping_status":"closed","template":"","meta":{"footnotes":""},"class_list":["post-1247","page","type-page","status-publish","hentry"],"yoast_head":"<!-- This site is optimized with the Yoast SEO plugin v23.8 - https:\/\/yoast.com\/wordpress\/plugins\/seo\/ -->\n<title>Infos - TEAM PONYSCHULE - STEINBACH<\/title>\n<meta name=\"robots\" content=\"index, follow, max-snippet:-1, max-image-preview:large, max-video-preview:-1\" \/>\n<link rel=\"canonical\" href=\"https:\/\/www.ponyschule-steinbach.de\/index.php\/infos\/\" \/>\n<meta property=\"og:locale\" content=\"de_DE\" \/>\n<meta property=\"og:type\" content=\"article\" \/>\n<meta property=\"og:title\" content=\"Infos - TEAM PONYSCHULE - STEINBACH\" \/>\n<meta property=\"og:description\" content=\"Was ist Pony Schule: Die Ponyschule ist keine Reitschule, sondern vielmehr ein Begegnungsort von Mensch und Tier. In der Ponyschule geht es weniger darum, den Kindern Reiten beizubringen, sondern, den Kindern Zugang zu diesen tollen Tieren zu erm\u00f6glichen. Durch den Umgang mit den Ponys und Pferden wird das Bewu\u00dftstein f\u00fcr Tiere und ihre Bed\u00fcrfnisse gef\u00f6rdert. &hellip; &#8222;Infos&#8220; weiterlesen\" \/>\n<meta property=\"og:url\" content=\"https:\/\/www.ponyschule-steinbach.de\/index.php\/infos\/\" \/>\n<meta property=\"og:site_name\" content=\"TEAM PONYSCHULE - STEINBACH\" \/>\n<meta property=\"article:modified_time\" content=\"2020-11-28T00:01:52+00:00\" \/>\n<meta property=\"og:image\" content=\"https:\/\/www.ponyschule-steinbach.de\/wp-content\/uploads\/2020\/11\/zeich-2_Zusammen-300x213-1.jpg\" \/>\n<meta name=\"twitter:card\" content=\"summary_large_image\" \/>\n<meta name=\"twitter:label1\" content=\"Gesch\u00e4tzte Lesezeit\" \/>\n\t<meta name=\"twitter:data1\" content=\"3\u00a0Minuten\" \/>\n<script type=\"application\/ld+json\" class=\"yoast-schema-graph\">{\"@context\":\"https:\/\/schema.org\",\"@graph\":[{\"@type\":\"WebPage\",\"@id\":\"https:\/\/www.ponyschule-steinbach.de\/index.php\/infos\/\",\"url\":\"https:\/\/www.ponyschule-steinbach.de\/index.php\/infos\/\",\"name\":\"Infos - TEAM PONYSCHULE - STEINBACH\",\"isPartOf\":{\"@id\":\"https:\/\/www.ponyschule-steinbach.de\/#website\"},\"primaryImageOfPage\":{\"@id\":\"https:\/\/www.ponyschule-steinbach.de\/index.php\/infos\/#primaryimage\"},\"image\":{\"@id\":\"https:\/\/www.ponyschule-steinbach.de\/index.php\/infos\/#primaryimage\"},\"thumbnailUrl\":\"https:\/\/www.ponyschule-steinbach.de\/wp-content\/uploads\/2020\/11\/zeich-2_Zusammen-300x213-1.jpg\",\"datePublished\":\"2020-03-11T15:38:44+00:00\",\"dateModified\":\"2020-11-28T00:01:52+00:00\",\"breadcrumb\":{\"@id\":\"https:\/\/www.ponyschule-steinbach.de\/index.php\/infos\/#breadcrumb\"},\"inLanguage\":\"de\",\"potentialAction\":[{\"@type\":\"ReadAction\",\"target\":[\"https:\/\/www.ponyschule-steinbach.de\/index.php\/infos\/\"]}]},{\"@type\":\"ImageObject\",\"inLanguage\":\"de\",\"@id\":\"https:\/\/www.ponyschule-steinbach.de\/index.php\/infos\/#primaryimage\",\"url\":\"https:\/\/www.ponyschule-steinbach.de\/wp-content\/uploads\/2020\/11\/zeich-2_Zusammen-300x213-1.jpg\",\"contentUrl\":\"https:\/\/www.ponyschule-steinbach.de\/wp-content\/uploads\/2020\/11\/zeich-2_Zusammen-300x213-1.jpg\",\"width\":300,\"height\":213},{\"@type\":\"BreadcrumbList\",\"@id\":\"https:\/\/www.ponyschule-steinbach.de\/index.php\/infos\/#breadcrumb\",\"itemListElement\":[{\"@type\":\"ListItem\",\"position\":1,\"name\":\"Startseite\",\"item\":\"https:\/\/www.ponyschule-steinbach.de\/\"},{\"@type\":\"ListItem\",\"position\":2,\"name\":\"Infos\"}]},{\"@type\":\"WebSite\",\"@id\":\"https:\/\/www.ponyschule-steinbach.de\/#website\",\"url\":\"https:\/\/www.ponyschule-steinbach.de\/\",\"name\":\"TEAM PONYSCHULE - STEINBACH\",\"description\":\"Tiererlebnisp\u00e4dagogik mit Ponys und Pferden f\u00fcr Kinder ab 2 Jahren\",\"publisher\":{\"@id\":\"https:\/\/www.ponyschule-steinbach.de\/#organization\"},\"potentialAction\":[{\"@type\":\"SearchAction\",\"target\":{\"@type\":\"EntryPoint\",\"urlTemplate\":\"https:\/\/www.ponyschule-steinbach.de\/?s={search_term_string}\"},\"query-input\":{\"@type\":\"PropertyValueSpecification\",\"valueRequired\":true,\"valueName\":\"search_term_string\"}}],\"inLanguage\":\"de\"},{\"@type\":\"Organization\",\"@id\":\"https:\/\/www.ponyschule-steinbach.de\/#organization\",\"name\":\"TEAM PONYSCHULE - STEINBACH\",\"url\":\"https:\/\/www.ponyschule-steinbach.de\/\",\"logo\":{\"@type\":\"ImageObject\",\"inLanguage\":\"de\",\"@id\":\"https:\/\/www.ponyschule-steinbach.de\/#\/schema\/logo\/image\/\",\"url\":\"https:\/\/www.ponyschule-steinbach.de\/wp-content\/uploads\/2020\/11\/cropped-TeamPonySchule-Steinbach_Logo-2.png\",\"contentUrl\":\"https:\/\/www.ponyschule-steinbach.de\/wp-content\/uploads\/2020\/11\/cropped-TeamPonySchule-Steinbach_Logo-2.png\",\"width\":240,\"height\":247,\"caption\":\"TEAM       PONYSCHULE    -   STEINBACH\"},\"image\":{\"@id\":\"https:\/\/www.ponyschule-steinbach.de\/#\/schema\/logo\/image\/\"}}]}<\/script>\n<!-- \/ Yoast SEO plugin. -->","yoast_head_json":{"title":"Infos - TEAM PONYSCHULE - STEINBACH","robots":{"index":"index","follow":"follow","max-snippet":"max-snippet:-1","max-image-preview":"max-image-preview:large","max-video-preview":"max-video-preview:-1"},"canonical":"https:\/\/www.ponyschule-steinbach.de\/index.php\/infos\/","og_locale":"de_DE","og_type":"article","og_title":"Infos - TEAM PONYSCHULE - STEINBACH","og_description":"Was ist Pony Schule: Die Ponyschule ist keine Reitschule, sondern vielmehr ein Begegnungsort von Mensch und Tier. In der Ponyschule geht es weniger darum, den Kindern Reiten beizubringen, sondern, den Kindern Zugang zu diesen tollen Tieren zu erm\u00f6glichen. Durch den Umgang mit den Ponys und Pferden wird das Bewu\u00dftstein f\u00fcr Tiere und ihre Bed\u00fcrfnisse gef\u00f6rdert. &hellip; &#8222;Infos&#8220; weiterlesen","og_url":"https:\/\/www.ponyschule-steinbach.de\/index.php\/infos\/","og_site_name":"TEAM PONYSCHULE - STEINBACH","article_modified_time":"2020-11-28T00:01:52+00:00","og_image":[{"url":"https:\/\/www.ponyschule-steinbach.de\/wp-content\/uploads\/2020\/11\/zeich-2_Zusammen-300x213-1.jpg"}],"twitter_card":"summary_large_image","twitter_misc":{"Gesch\u00e4tzte Lesezeit":"3\u00a0Minuten"},"schema":{"@context":"https:\/\/schema.org","@graph":[{"@type":"WebPage","@id":"https:\/\/www.ponyschule-steinbach.de\/index.php\/infos\/","url":"https:\/\/www.ponyschule-steinbach.de\/index.php\/infos\/","name":"Infos - TEAM PONYSCHULE - STEINBACH","isPartOf":{"@id":"https:\/\/www.ponyschule-steinbach.de\/#website"},"primaryImageOfPage":{"@id":"https:\/\/www.ponyschule-steinbach.de\/index.php\/infos\/#primaryimage"},"image":{"@id":"https:\/\/www.ponyschule-steinbach.de\/index.php\/infos\/#primaryimage"},"thumbnailUrl":"https:\/\/www.ponyschule-steinbach.de\/wp-content\/uploads\/2020\/11\/zeich-2_Zusammen-300x213-1.jpg","datePublished":"2020-03-11T15:38:44+00:00","dateModified":"2020-11-28T00:01:52+00:00","breadcrumb":{"@id":"https:\/\/www.ponyschule-steinbach.de\/index.php\/infos\/#breadcrumb"},"inLanguage":"de","potentialAction":[{"@type":"ReadAction","target":["https:\/\/www.ponyschule-steinbach.de\/index.php\/infos\/"]}]},{"@type":"ImageObject","inLanguage":"de","@id":"https:\/\/www.ponyschule-steinbach.de\/index.php\/infos\/#primaryimage","url":"https:\/\/www.ponyschule-steinbach.de\/wp-content\/uploads\/2020\/11\/zeich-2_Zusammen-300x213-1.jpg","contentUrl":"https:\/\/www.ponyschule-steinbach.de\/wp-content\/uploads\/2020\/11\/zeich-2_Zusammen-300x213-1.jpg","width":300,"height":213},{"@type":"BreadcrumbList","@id":"https:\/\/www.ponyschule-steinbach.de\/index.php\/infos\/#breadcrumb","itemListElement":[{"@type":"ListItem","position":1,"name":"Startseite","item":"https:\/\/www.ponyschule-steinbach.de\/"},{"@type":"ListItem","position":2,"name":"Infos"}]},{"@type":"WebSite","@id":"https:\/\/www.ponyschule-steinbach.de\/#website","url":"https:\/\/www.ponyschule-steinbach.de\/","name":"TEAM PONYSCHULE - STEINBACH","description":"Tiererlebnisp\u00e4dagogik mit Ponys und Pferden f\u00fcr Kinder ab 2 Jahren","publisher":{"@id":"https:\/\/www.ponyschule-steinbach.de\/#organization"},"potentialAction":[{"@type":"SearchAction","target":{"@type":"EntryPoint","urlTemplate":"https:\/\/www.ponyschule-steinbach.de\/?s={search_term_string}"},"query-input":{"@type":"PropertyValueSpecification","valueRequired":true,"valueName":"search_term_string"}}],"inLanguage":"de"},{"@type":"Organization","@id":"https:\/\/www.ponyschule-steinbach.de\/#organization","name":"TEAM PONYSCHULE - STEINBACH","url":"https:\/\/www.ponyschule-steinbach.de\/","logo":{"@type":"ImageObject","inLanguage":"de","@id":"https:\/\/www.ponyschule-steinbach.de\/#\/schema\/logo\/image\/","url":"https:\/\/www.ponyschule-steinbach.de\/wp-content\/uploads\/2020\/11\/cropped-TeamPonySchule-Steinbach_Logo-2.png","contentUrl":"https:\/\/www.ponyschule-steinbach.de\/wp-content\/uploads\/2020\/11\/cropped-TeamPonySchule-Steinbach_Logo-2.png","width":240,"height":247,"caption":"TEAM       PONYSCHULE    -   STEINBACH"},"image":{"@id":"https:\/\/www.ponyschule-steinbach.de\/#\/schema\/logo\/image\/"}}]}},"_links":{"self":[{"href":"https:\/\/www.ponyschule-steinbach.de\/index.php\/wp-json\/wp\/v2\/pages\/1247"}],"collection":[{"href":"https:\/\/www.ponyschule-steinbach.de\/index.php\/wp-json\/wp\/v2\/pages"}],"about":[{"href":"https:\/\/www.ponyschule-steinbach.de\/index.php\/wp-json\/wp\/v2\/types\/page"}],"author":[{"embeddable":true,"href":"https:\/\/www.ponyschule-steinbach.de\/index.php\/wp-json\/wp\/v2\/users\/2"}],"replies":[{"embeddable":true,"href":"https:\/\/www.ponyschule-steinbach.de\/index.php\/wp-json\/wp\/v2\/comments?post=1247"}],"version-history":[{"count":3,"href":"https:\/\/www.ponyschule-steinbach.de\/index.php\/wp-json\/wp\/v2\/pages\/1247\/revisions"}],"predecessor-version":[{"id":2704,"href":"https:\/\/www.ponyschule-steinbach.de\/index.php\/wp-json\/wp\/v2\/pages\/1247\/revisions\/2704"}],"wp:attachment":[{"href":"https:\/\/www.ponyschule-steinbach.de\/index.php\/wp-json\/wp\/v2\/media?parent=1247"}],"curies":[{"name":"wp","href":"https:\/\/api.w.org\/{rel}","templated":true}]}}